{"id":6747,"date":"2024-11-14T16:07:31","date_gmt":"2024-11-14T16:07:31","guid":{"rendered":"https:\/\/colligatum.com\/?post_type=product&#038;p=6747"},"modified":"2024-12-02T11:24:11","modified_gmt":"2024-12-02T09:24:11","slug":"gudang-garam-international","status":"publish","type":"product","link":"https:\/\/colligatum.com\/en\/product\/gudang-garam-international\/","title":{"rendered":"Gudang Garam International\u201e"},"content":{"rendered":"<p>Apra\u0161ymas: \u0160is Gudang Garam &#8222;International&#8221; cigare\u010di\u0173 pakelis i\u0161siskiria eleganti\u0161ku auksiniu dizainu, kuris pabr\u0117\u017eia prabangos ir i\u0161skirtinumo jausm\u0105. Gudang Garam yra gerai \u017einomas prek\u0117s \u017eenklas Azijoje, gars\u0117jantis auk\u0161tos kokyb\u0117s kretek cigaret\u0117mis, pagamintomis su gvazdik\u0117li\u0173 ir tabako deriniu. Ant pakuot\u0117s ai\u0161kiai nurodyta kilm\u0117s \u0161alis, Indonezija, kuri gars\u0117ja kretek cigare\u010di\u0173 gamyba.<\/p>\n<p>Value assessment:<\/p>\n<ul>\n<li>Kolekcin\u0117 vert\u0117: Vidutin\u0117 iki auk\u0161ta, kadangi Gudang Garam prek\u0117s \u017eenklas turi ilg\u0105 istorij\u0105 ir yra vertinamas kretek cigare\u010di\u0173 m\u0117g\u0117j\u0173.<\/li>\n<li>Condition assessment: Unopened, in excellent condition, which increases the collectible value.<\/li>\n<li>Istoriniai duomenys ir populiarumas: Gudang Garam yra vienas i\u0161 Indonezijos lyderi\u0173 kretek cigare\u010di\u0173 gamyboje ir yra vertinamas d\u0117l savo autenti\u0161ko skonio ir kokyb\u0117s.<\/li>\n<\/ul>","protected":false},"excerpt":{"rendered":"<p>Prek\u0117s \u017eenklas ir pavadinimas: Gudang Garam &#8222;International&#8221;<\/p>\n<p>Size: 12 cigarettes<\/p>\n<p>Country of manufacture: Indonesia<\/p>\n<p>Production period: Unknown (modern edition)<\/p>\n<p>Package type: Hard package<\/p>","protected":false},"featured_media":6614,"template":"","meta":{"_surecart_dashboard_logo_width":"180px","_surecart_dashboard_show_logo":true,"_surecart_dashboard_navigation_orders":true,"_surecart_dashboard_navigation_invoices":true,"_surecart_dashboard_navigation_subscriptions":true,"_surecart_dashboard_navigation_downloads":true,"_surecart_dashboard_navigation_billing":true,"_surecart_dashboard_navigation_account":true,"site-sidebar-layout":"default","site-content-layout":"","ast-site-content-layout":"default","site-content-style":"default","site-sidebar-style":"default","ast-global-header-display":"","ast-banner-title-visibility":"","ast-main-header-display":"","ast-hfb-above-header-display":"","ast-hfb-below-header-display":"","ast-hfb-mobile-header-display":"","site-post-title":"","ast-breadcrumbs-content":"","ast-featured-img":"","footer-sml-layout":"","theme-transparent-header-meta":"default","adv-header-id-meta":"","stick-header-meta":"","header-above-stick-meta":"","header-main-stick-meta":"","header-below-stick-meta":"","astra-migrate-meta-layouts":"set","ast-page-background-enabled":"default","ast-page-background-meta":{"desktop":{"background-color":"","background-image":"","background-repeat":"repeat","background-position":"center center","background-size":"auto","background-attachment":"scroll","background-type":"","background-media":"","overlay-type":"","overlay-color":"","overlay-opacity":"","overlay-gradient":""},"tablet":{"background-color":"","background-image":"","background-repeat":"repeat","background-position":"center center","background-size":"auto","background-attachment":"scroll","background-type":"","background-media":"","overlay-type":"","overlay-color":"","overlay-opacity":"","overlay-gradient":""},"mobile":{"background-color":"","background-image":"","background-repeat":"repeat","background-position":"center center","background-size":"auto","background-attachment":"scroll","background-type":"","background-media":"","overlay-type":"","overlay-color":"","overlay-opacity":"","overlay-gradient":""}},"ast-content-background-meta":{"desktop":{"background-color":"var(--ast-global-color-5)","background-image":"","background-repeat":"repeat","background-position":"center center","background-size":"auto","background-attachment":"scroll","background-type":"","background-media":"","overlay-type":"","overlay-color":"","overlay-opacity":"","overlay-gradient":""},"tablet":{"background-color":"var(--ast-global-color-5)","background-image":"","background-repeat":"repeat","background-position":"center center","background-size":"auto","background-attachment":"scroll","background-type":"","background-media":"","overlay-type":"","overlay-color":"","overlay-opacity":"","overlay-gradient":""},"mobile":{"background-color":"var(--ast-global-color-5)","background-image":"","background-repeat":"repeat","background-position":"center center","background-size":"auto","background-attachment":"scroll","background-type":"","background-media":"","overlay-type":"","overlay-color":"","overlay-opacity":"","overlay-gradient":""}}},"product_brand":[],"product_cat":[207],"product_tag":[],"class_list":{"0":"post-6747","1":"product","2":"type-product","3":"status-publish","4":"has-post-thumbnail","6":"product_cat-indonesia","7":"desktop-align-left","8":"tablet-align-left","9":"mobile-align-left","11":"first","12":"instock","13":"sale","14":"shipping-taxable","15":"purchasable","16":"product-type-simple","17":"add-to-wishlist-before_image"},"_links":{"self":[{"href":"https:\/\/colligatum.com\/en\/wp-json\/wp\/v2\/product\/6747","targetHints":{"allow":["GET"]}}],"collection":[{"href":"https:\/\/colligatum.com\/en\/wp-json\/wp\/v2\/product"}],"about":[{"href":"https:\/\/colligatum.com\/en\/wp-json\/wp\/v2\/types\/product"}],"version-history":[{"count":1,"href":"https:\/\/colligatum.com\/en\/wp-json\/wp\/v2\/product\/6747\/revisions"}],"predecessor-version":[{"id":6748,"href":"https:\/\/colligatum.com\/en\/wp-json\/wp\/v2\/product\/6747\/revisions\/6748"}],"wp:featuredmedia":[{"embeddable":true,"href":"https:\/\/colligatum.com\/en\/wp-json\/wp\/v2\/media\/6614"}],"wp:attachment":[{"href":"https:\/\/colligatum.com\/en\/wp-json\/wp\/v2\/media?parent=6747"}],"wp:term":[{"taxonomy":"product_brand","embeddable":true,"href":"https:\/\/colligatum.com\/en\/wp-json\/wp\/v2\/product_brand?post=6747"},{"taxonomy":"product_cat","embeddable":true,"href":"https:\/\/colligatum.com\/en\/wp-json\/wp\/v2\/product_cat?post=6747"},{"taxonomy":"product_tag","embeddable":true,"href":"https:\/\/colligatum.com\/en\/wp-json\/wp\/v2\/product_tag?post=6747"}],"curies":[{"name":"wp","href":"https:\/\/api.w.org\/{rel}","templated":true}]}}