{"id":6757,"date":"2024-11-14T16:14:51","date_gmt":"2024-11-14T16:14:51","guid":{"rendered":"https:\/\/colligatum.com\/?post_type=product&#038;p=6757"},"modified":"2024-12-02T11:24:45","modified_gmt":"2024-12-02T09:24:45","slug":"cikal-capuccino","status":"publish","type":"product","link":"https:\/\/colligatum.com\/en\/product\/cikal-capuccino\/","title":{"rendered":"&quot;Cappuccino&quot; cycle\u201e"},"content":{"rendered":"<p><strong>Description:<\/strong> Cikal &#8222;Capuccino&#8221; cigare\u010di\u0173 pakelis pasi\u017eymi unikaliu dizainu, kuriame vyrauja \u017eemi\u0161k\u0173 ton\u0173 spalvos su subtiliais vizualiniais elementais, primenan\u010diais kavin\u0117s atmosfer\u0105. \u0160is pakelis skirtas tiems, kurie vertina \u0161veln\u0173 ir aromating\u0105 tabako skon\u012f su cappuccino u\u017euominomis. Ry\u0161kus \u012fsp\u0117jimas apie r\u016bkymo \u017eal\u0105 yra pateiktas pakelio apa\u010dioje, pabr\u0117\u017eiant sveikatos pavojus.<\/p>\n<p><strong>Value assessment:<\/strong><\/p>\n<ul>\n<li><strong>Collectible value:<\/strong> Vidutin\u0117, nes pakelis n\u0117ra riboto leidimo ar jubiliejinis, ta\u010diau d\u0117l ne\u012fprasto cappuccino skonio gali b\u016bti \u012fdomus kolekcininkams.<\/li>\n<li><strong>Condition assessment:<\/strong> Unopened, in excellent condition.<\/li>\n<li><strong>Historical data and popularity:<\/strong> Cikal prek\u0117s \u017eenklas yra ma\u017eiau \u017einomas tarptautin\u0117je rinkoje, ta\u010diau Indonezijoje populiarus tarp vietini\u0173 cigare\u010di\u0173 m\u0117g\u0117j\u0173.<\/li>\n<\/ul>","protected":false},"excerpt":{"rendered":"<p><strong>Brand and name:<\/strong> &quot;Cappuccino&quot; cycle\u201e<\/p>\n<p><strong>Size:<\/strong> 21 cigarettes<\/p>\n<p><strong>Country of manufacture:<\/strong> Indonesia<\/p>\n<p><strong>Production period:<\/strong> Unknown (modern edition)<\/p>\n<p><strong>Package type:<\/strong> Soft pack<\/p>","protected":false},"featured_media":6624,"template":"","meta":{"_surecart_dashboard_logo_width":"180px","_surecart_dashboard_show_logo":true,"_surecart_dashboard_navigation_orders":true,"_surecart_dashboard_navigation_invoices":true,"_surecart_dashboard_navigation_subscriptions":true,"_surecart_dashboard_navigation_downloads":true,"_surecart_dashboard_navigation_billing":true,"_surecart_dashboard_navigation_account":true,"site-sidebar-layout":"default","site-content-layout":"","ast-site-content-layout":"default","site-content-style":"default","site-sidebar-style":"default","ast-global-header-display":"","ast-banner-title-visibility":"","ast-main-header-display":"","ast-hfb-above-header-display":"","ast-hfb-below-header-display":"","ast-hfb-mobile-header-display":"","site-post-title":"","ast-breadcrumbs-content":"","ast-featured-img":"","footer-sml-layout":"","theme-transparent-header-meta":"default","adv-header-id-meta":"","stick-header-meta":"","header-above-stick-meta":"","header-main-stick-meta":"","header-below-stick-meta":"","astra-migrate-meta-layouts":"set","ast-page-background-enabled":"default","ast-page-background-meta":{"desktop":{"background-color":"","background-image":"","background-repeat":"repeat","background-position":"center center","background-size":"auto","background-attachment":"scroll","background-type":"","background-media":"","overlay-type":"","overlay-color":"","overlay-opacity":"","overlay-gradient":""},"tablet":{"background-color":"","background-image":"","background-repeat":"repeat","background-position":"center center","background-size":"auto","background-attachment":"scroll","background-type":"","background-media":"","overlay-type":"","overlay-color":"","overlay-opacity":"","overlay-gradient":""},"mobile":{"background-color":"","background-image":"","background-repeat":"repeat","background-position":"center center","background-size":"auto","background-attachment":"scroll","background-type":"","background-media":"","overlay-type":"","overlay-color":"","overlay-opacity":"","overlay-gradient":""}},"ast-content-background-meta":{"desktop":{"background-color":"var(--ast-global-color-5)","background-image":"","background-repeat":"repeat","background-position":"center center","background-size":"auto","background-attachment":"scroll","background-type":"","background-media":"","overlay-type":"","overlay-color":"","overlay-opacity":"","overlay-gradient":""},"tablet":{"background-color":"var(--ast-global-color-5)","background-image":"","background-repeat":"repeat","background-position":"center center","background-size":"auto","background-attachment":"scroll","background-type":"","background-media":"","overlay-type":"","overlay-color":"","overlay-opacity":"","overlay-gradient":""},"mobile":{"background-color":"var(--ast-global-color-5)","background-image":"","background-repeat":"repeat","background-position":"center center","background-size":"auto","background-attachment":"scroll","background-type":"","background-media":"","overlay-type":"","overlay-color":"","overlay-opacity":"","overlay-gradient":""}}},"product_brand":[],"product_cat":[207],"product_tag":[],"class_list":{"0":"post-6757","1":"product","2":"type-product","3":"status-publish","4":"has-post-thumbnail","6":"product_cat-indonesia","7":"desktop-align-left","8":"tablet-align-left","9":"mobile-align-left","11":"first","12":"instock","13":"sale","14":"shipping-taxable","15":"purchasable","16":"product-type-simple","17":"add-to-wishlist-before_image"},"_links":{"self":[{"href":"https:\/\/colligatum.com\/en\/wp-json\/wp\/v2\/product\/6757","targetHints":{"allow":["GET"]}}],"collection":[{"href":"https:\/\/colligatum.com\/en\/wp-json\/wp\/v2\/product"}],"about":[{"href":"https:\/\/colligatum.com\/en\/wp-json\/wp\/v2\/types\/product"}],"version-history":[{"count":1,"href":"https:\/\/colligatum.com\/en\/wp-json\/wp\/v2\/product\/6757\/revisions"}],"predecessor-version":[{"id":6758,"href":"https:\/\/colligatum.com\/en\/wp-json\/wp\/v2\/product\/6757\/revisions\/6758"}],"wp:featuredmedia":[{"embeddable":true,"href":"https:\/\/colligatum.com\/en\/wp-json\/wp\/v2\/media\/6624"}],"wp:attachment":[{"href":"https:\/\/colligatum.com\/en\/wp-json\/wp\/v2\/media?parent=6757"}],"wp:term":[{"taxonomy":"product_brand","embeddable":true,"href":"https:\/\/colligatum.com\/en\/wp-json\/wp\/v2\/product_brand?post=6757"},{"taxonomy":"product_cat","embeddable":true,"href":"https:\/\/colligatum.com\/en\/wp-json\/wp\/v2\/product_cat?post=6757"},{"taxonomy":"product_tag","embeddable":true,"href":"https:\/\/colligatum.com\/en\/wp-json\/wp\/v2\/product_tag?post=6757"}],"curies":[{"name":"wp","href":"https:\/\/api.w.org\/{rel}","templated":true}]}}