{"id":6883,"date":"2024-11-15T07:58:54","date_gmt":"2024-11-15T07:58:54","guid":{"rendered":"https:\/\/colligatum.com\/?post_type=product&#038;p=6883"},"modified":"2025-10-02T12:35:51","modified_gmt":"2025-10-02T10:35:51","slug":"gauloises-blondes-filter","status":"publish","type":"product","link":"https:\/\/colligatum.com\/en\/product\/gauloises-blondes-filter\/","title":{"rendered":"Gauloises Blondes Filter"},"content":{"rendered":"<ul>\n<li><strong>Description<\/strong>:\n<ul>\n<li>Pakelis yra su filtruotomis cigaret\u0117mis ir apima sveikatos \u012fsp\u0117jimus rus\u0173 kalba, nurodant, kad buvo skirtas NVS rinkai. Gauloises Blondes cigaret\u0117s yra \u017einomos d\u0117l savo stipraus ir sodraus skonio, kas daro jas m\u0117gstamas r\u016bkali\u0173. Dizainas su m\u0117lyna ir aukso spalvomis bei sparnuotu profiliu i\u0161lieka klasikinis ir atpa\u017e\u012fstamas Gauloises \u017eenklui.<\/li>\n<li>B\u016bkl\u0117: Pakelis atrodo esantis puikios b\u016bkl\u0117s, su nepa\u017eeistu originaliu \u012fpakavimu, kas itin svarbu kolekcininkams.<\/li>\n<\/ul>\n<\/li>\n<li><strong>Value assessment<\/strong>:\n<ul>\n<li>Kolekcin\u0117 vert\u0117 \u0161io pakelio gali siekti apie 5\u201315 EUR, priklausomai nuo paklausos ir prek\u0117s \u017eenkl\u0173 kolekcinink\u0173 rinkoje.<\/li>\n<li>Tokio tipo cigare\u010di\u0173 pakeliai, ypa\u010d skirti eksportui \u012f NVS region\u0105, turi vidutin\u0119 kolekcin\u0119 vert\u0119. Gauloises yra vienas i\u0161 labiau atpa\u017e\u012fstam\u0173 prek\u0117s \u017eenkl\u0173, o jo pakeliai i\u0161lieka populiar\u016bs r\u016bkali\u0173 ir kolekcinink\u0173 tarpe, ypa\u010d jei jie yra geroje b\u016bkl\u0117je.<\/li>\n<\/ul>\n<\/li>\n<\/ul>","protected":false},"excerpt":{"rendered":"<ul>\n<li><strong>Brand and name<\/strong>: Gauloises Blondes Filter<\/li>\n<li><strong>Size<\/strong>: 20 cigarettes<\/li>\n<li><strong>Country of manufacture<\/strong>: Pagal \u017eenklinim\u0105, tik\u0117tina, kad gaminta Pranc\u016bzijoje arba kitose \u0161alyse pagal licencij\u0105.<\/li>\n<li><strong>Production period<\/strong>: Apytiksliai 2000-ieji metai, atsi\u017evelgiant \u012f dizain\u0105 ir sveikatos \u012fsp\u0117jimus rus\u0173 kalba. Tai gali rodyti, kad pakelis skirtas eksportui \u012f Rusijos rink\u0105.<\/li>\n<li><strong>Package type<\/strong>: Hard pack<\/li>\n<\/ul>","protected":false},"featured_media":6831,"template":"","meta":{"_surecart_dashboard_logo_width":"180px","_surecart_dashboard_show_logo":true,"_surecart_dashboard_navigation_orders":true,"_surecart_dashboard_navigation_invoices":true,"_surecart_dashboard_navigation_subscriptions":true,"_surecart_dashboard_navigation_downloads":true,"_surecart_dashboard_navigation_billing":true,"_surecart_dashboard_navigation_account":true,"site-sidebar-layout":"default","site-content-layout":"","ast-site-content-layout":"default","site-content-style":"default","site-sidebar-style":"default","ast-global-header-display":"","ast-banner-title-visibility":"","ast-main-header-display":"","ast-hfb-above-header-display":"","ast-hfb-below-header-display":"","ast-hfb-mobile-header-display":"","site-post-title":"","ast-breadcrumbs-content":"","ast-featured-img":"","footer-sml-layout":"","theme-transparent-header-meta":"default","adv-header-id-meta":"","stick-header-meta":"","header-above-stick-meta":"","header-main-stick-meta":"","header-below-stick-meta":"","astra-migrate-meta-layouts":"set","ast-page-background-enabled":"default","ast-page-background-meta":{"desktop":{"background-color":"","background-image":"","background-repeat":"repeat","background-position":"center center","background-size":"auto","background-attachment":"scroll","background-type":"","background-media":"","overlay-type":"","overlay-color":"","overlay-opacity":"","overlay-gradient":""},"tablet":{"background-color":"","background-image":"","background-repeat":"repeat","background-position":"center center","background-size":"auto","background-attachment":"scroll","background-type":"","background-media":"","overlay-type":"","overlay-color":"","overlay-opacity":"","overlay-gradient":""},"mobile":{"background-color":"","background-image":"","background-repeat":"repeat","background-position":"center center","background-size":"auto","background-attachment":"scroll","background-type":"","background-media":"","overlay-type":"","overlay-color":"","overlay-opacity":"","overlay-gradient":""}},"ast-content-background-meta":{"desktop":{"background-color":"var(--ast-global-color-5)","background-image":"","background-repeat":"repeat","background-position":"center center","background-size":"auto","background-attachment":"scroll","background-type":"","background-media":"","overlay-type":"","overlay-color":"","overlay-opacity":"","overlay-gradient":""},"tablet":{"background-color":"var(--ast-global-color-5)","background-image":"","background-repeat":"repeat","background-position":"center center","background-size":"auto","background-attachment":"scroll","background-type":"","background-media":"","overlay-type":"","overlay-color":"","overlay-opacity":"","overlay-gradient":""},"mobile":{"background-color":"var(--ast-global-color-5)","background-image":"","background-repeat":"repeat","background-position":"center center","background-size":"auto","background-attachment":"scroll","background-type":"","background-media":"","overlay-type":"","overlay-color":"","overlay-opacity":"","overlay-gradient":""}}},"product_brand":[],"product_cat":[149],"product_tag":[],"class_list":{"0":"post-6883","1":"product","2":"type-product","3":"status-publish","4":"has-post-thumbnail","6":"product_cat-france","7":"desktop-align-left","8":"tablet-align-left","9":"mobile-align-left","11":"first","12":"instock","13":"sale","14":"shipping-taxable","15":"purchasable","16":"product-type-simple","17":"add-to-wishlist-before_image"},"_links":{"self":[{"href":"https:\/\/colligatum.com\/en\/wp-json\/wp\/v2\/product\/6883","targetHints":{"allow":["GET"]}}],"collection":[{"href":"https:\/\/colligatum.com\/en\/wp-json\/wp\/v2\/product"}],"about":[{"href":"https:\/\/colligatum.com\/en\/wp-json\/wp\/v2\/types\/product"}],"version-history":[{"count":1,"href":"https:\/\/colligatum.com\/en\/wp-json\/wp\/v2\/product\/6883\/revisions"}],"predecessor-version":[{"id":6884,"href":"https:\/\/colligatum.com\/en\/wp-json\/wp\/v2\/product\/6883\/revisions\/6884"}],"wp:featuredmedia":[{"embeddable":true,"href":"https:\/\/colligatum.com\/en\/wp-json\/wp\/v2\/media\/6831"}],"wp:attachment":[{"href":"https:\/\/colligatum.com\/en\/wp-json\/wp\/v2\/media?parent=6883"}],"wp:term":[{"taxonomy":"product_brand","embeddable":true,"href":"https:\/\/colligatum.com\/en\/wp-json\/wp\/v2\/product_brand?post=6883"},{"taxonomy":"product_cat","embeddable":true,"href":"https:\/\/colligatum.com\/en\/wp-json\/wp\/v2\/product_cat?post=6883"},{"taxonomy":"product_tag","embeddable":true,"href":"https:\/\/colligatum.com\/en\/wp-json\/wp\/v2\/product_tag?post=6883"}],"curies":[{"name":"wp","href":"https:\/\/api.w.org\/{rel}","templated":true}]}}