{"id":6909,"date":"2024-11-15T09:02:39","date_gmt":"2024-11-15T09:02:39","guid":{"rendered":"https:\/\/colligatum.com\/?post_type=product&#038;p=6909"},"modified":"2025-10-02T12:37:37","modified_gmt":"2025-10-02T10:37:37","slug":"gitanes-blondes-king-size-filter","status":"publish","type":"product","link":"https:\/\/colligatum.com\/en\/product\/gitanes-blondes-king-size-filter\/","title":{"rendered":"Gitanes Blondes &quot;King Size Filter&quot;\u201e"},"content":{"rendered":"<p>Apra\u0161ymas: Gitanes Blondes &#8222;King Size Filter&#8221; pakelis yra i\u0161skirtinio dizaino, kuris i\u0161laiko klasikines Gitanes prek\u0117s \u017eenklo savybes. M\u0117lyna spalva kartu su Gitanes logotipu suteikia solidumo ir i\u0161skirtinumo. Pakelis i\u0161laiko pranc\u016bzi\u0161k\u0105 elegancij\u0105 ir patrauklum\u0105, skirt\u0105 tiems, kurie vertina kokyb\u0119 ir i\u0161skirtinum\u0105. \u012esp\u0117jimas apie r\u016bkymo \u017eal\u0105 yra pateiktas ry\u0161kiai, atitinkantis \u0161iuolaikinius sveikatos reikalavimus.<\/p>\n<p>Value assessment:<\/p>\n<ul>\n<li>Kolekcin\u0117 vert\u0117: Vidutin\u0117, pakelis n\u0117ra riboto leidimo ar jubiliejinis, ta\u010diau i\u0161laiko vert\u0119 d\u0117l savo b\u016bkl\u0117s ir pranc\u016bzi\u0161ko Gitanes prek\u0117s \u017eenklo.<\/li>\n<li>Condition rating: Unopened, in excellent condition.<\/li>\n<li>Istoriniai duomenys ir populiarumas: Gitanes prek\u0117s \u017eenklas yra gerai \u017einomas Pranc\u016bzijoje ir kai kuriose Europos rinkose, tod\u0117l gali b\u016bti patrauklus kolekcininkams, vertinantiems pranc\u016bzi\u0161k\u0105 tabako kult\u016br\u0105.<\/li>\n<\/ul>","protected":false},"excerpt":{"rendered":"<p>Prek\u0117s \u017eenklas ir pavadinimas: Gitanes Blondes &#8222;King Size Filter&#8221;<\/p>\n<p>Size: 20 cigarettes<\/p>\n<p>Country of manufacture: France<\/p>\n<p>Production period: Unknown (modern edition)<\/p>\n<p>Package type: Hard package<\/p>","protected":false},"featured_media":6849,"template":"","meta":{"_surecart_dashboard_logo_width":"180px","_surecart_dashboard_show_logo":true,"_surecart_dashboard_navigation_orders":true,"_surecart_dashboard_navigation_invoices":true,"_surecart_dashboard_navigation_subscriptions":true,"_surecart_dashboard_navigation_downloads":true,"_surecart_dashboard_navigation_billing":true,"_surecart_dashboard_navigation_account":true,"site-sidebar-layout":"default","site-content-layout":"","ast-site-content-layout":"default","site-content-style":"default","site-sidebar-style":"default","ast-global-header-display":"","ast-banner-title-visibility":"","ast-main-header-display":"","ast-hfb-above-header-display":"","ast-hfb-below-header-display":"","ast-hfb-mobile-header-display":"","site-post-title":"","ast-breadcrumbs-content":"","ast-featured-img":"","footer-sml-layout":"","theme-transparent-header-meta":"default","adv-header-id-meta":"","stick-header-meta":"","header-above-stick-meta":"","header-main-stick-meta":"","header-below-stick-meta":"","astra-migrate-meta-layouts":"set","ast-page-background-enabled":"default","ast-page-background-meta":{"desktop":{"background-color":"","background-image":"","background-repeat":"repeat","background-position":"center center","background-size":"auto","background-attachment":"scroll","background-type":"","background-media":"","overlay-type":"","overlay-color":"","overlay-opacity":"","overlay-gradient":""},"tablet":{"background-color":"","background-image":"","background-repeat":"repeat","background-position":"center center","background-size":"auto","background-attachment":"scroll","background-type":"","background-media":"","overlay-type":"","overlay-color":"","overlay-opacity":"","overlay-gradient":""},"mobile":{"background-color":"","background-image":"","background-repeat":"repeat","background-position":"center center","background-size":"auto","background-attachment":"scroll","background-type":"","background-media":"","overlay-type":"","overlay-color":"","overlay-opacity":"","overlay-gradient":""}},"ast-content-background-meta":{"desktop":{"background-color":"var(--ast-global-color-5)","background-image":"","background-repeat":"repeat","background-position":"center center","background-size":"auto","background-attachment":"scroll","background-type":"","background-media":"","overlay-type":"","overlay-color":"","overlay-opacity":"","overlay-gradient":""},"tablet":{"background-color":"var(--ast-global-color-5)","background-image":"","background-repeat":"repeat","background-position":"center center","background-size":"auto","background-attachment":"scroll","background-type":"","background-media":"","overlay-type":"","overlay-color":"","overlay-opacity":"","overlay-gradient":""},"mobile":{"background-color":"var(--ast-global-color-5)","background-image":"","background-repeat":"repeat","background-position":"center center","background-size":"auto","background-attachment":"scroll","background-type":"","background-media":"","overlay-type":"","overlay-color":"","overlay-opacity":"","overlay-gradient":""}}},"product_brand":[],"product_cat":[149],"product_tag":[],"class_list":{"0":"post-6909","1":"product","2":"type-product","3":"status-publish","4":"has-post-thumbnail","6":"product_cat-france","7":"desktop-align-left","8":"tablet-align-left","9":"mobile-align-left","11":"first","12":"instock","13":"sale","14":"shipping-taxable","15":"purchasable","16":"product-type-simple","17":"add-to-wishlist-before_image"},"_links":{"self":[{"href":"https:\/\/colligatum.com\/en\/wp-json\/wp\/v2\/product\/6909","targetHints":{"allow":["GET"]}}],"collection":[{"href":"https:\/\/colligatum.com\/en\/wp-json\/wp\/v2\/product"}],"about":[{"href":"https:\/\/colligatum.com\/en\/wp-json\/wp\/v2\/types\/product"}],"version-history":[{"count":1,"href":"https:\/\/colligatum.com\/en\/wp-json\/wp\/v2\/product\/6909\/revisions"}],"predecessor-version":[{"id":6910,"href":"https:\/\/colligatum.com\/en\/wp-json\/wp\/v2\/product\/6909\/revisions\/6910"}],"wp:featuredmedia":[{"embeddable":true,"href":"https:\/\/colligatum.com\/en\/wp-json\/wp\/v2\/media\/6849"}],"wp:attachment":[{"href":"https:\/\/colligatum.com\/en\/wp-json\/wp\/v2\/media?parent=6909"}],"wp:term":[{"taxonomy":"product_brand","embeddable":true,"href":"https:\/\/colligatum.com\/en\/wp-json\/wp\/v2\/product_brand?post=6909"},{"taxonomy":"product_cat","embeddable":true,"href":"https:\/\/colligatum.com\/en\/wp-json\/wp\/v2\/product_cat?post=6909"},{"taxonomy":"product_tag","embeddable":true,"href":"https:\/\/colligatum.com\/en\/wp-json\/wp\/v2\/product_tag?post=6909"}],"curies":[{"name":"wp","href":"https:\/\/api.w.org\/{rel}","templated":true}]}}