{"id":6919,"date":"2024-11-15T09:34:00","date_gmt":"2024-11-15T09:34:00","guid":{"rendered":"https:\/\/colligatum.com\/?post_type=product&#038;p=6919"},"modified":"2025-10-02T12:38:43","modified_gmt":"2025-10-02T10:38:43","slug":"flash-international","status":"publish","type":"product","link":"https:\/\/colligatum.com\/en\/product\/flash-international\/","title":{"rendered":"Flash International"},"content":{"rendered":"<p>Apra\u0161ymas: \u0160is \u201eFlash International\u201c cigare\u010di\u0173 pakelis yra eleganti\u0161ko ir klasikinio dizaino su raudona ir kremin\u0117mis spalvomis, kurias papildo aukso akcentai. Pakelio vir\u0161uje esantis logotipas sukuria prabangos \u012fsp\u016bd\u012f. Tai klasikinio \u201eAmerican Blend\u201c tipo cigaret\u0117s su filtrais. \u012esp\u0117jimas apie r\u016bkymo \u017eal\u0105 pateikiamas ai\u0161kiai, kaip yra reikalaujama \u0161iuolaikin\u0117se rinkose.<\/p>\n<p>Value assessment:<\/p>\n<ul>\n<li>Kolekcin\u0117 vert\u0117: Vidutin\u0117, nes \u0161is pakelis neturi specifini\u0173 istorini\u0173 ar riboto leidimo po\u017eymi\u0173, ta\u010diau gali b\u016bti \u012fdomus kolekcininkams d\u0117l savo vizualin\u0117s b\u016bkl\u0117s ir dizaino.<\/li>\n<li>Condition rating: Unopened, in excellent condition.<\/li>\n<li>Istoriniai duomenys ir populiarumas: N\u0117ra specifini\u0173 istorini\u0173 duomen\u0173, ta\u010diau \u201eAmerican Blend\u201c cigaret\u0117s yra populiarios tarptautin\u0117se rinkose, o \u0161is pakelis gali sudominti kolekcininkus, kurie ie\u0161ko \u012fdomesni\u0173 tarptautini\u0173 cigare\u010di\u0173 pavyzd\u017ei\u0173.<\/li>\n<\/ul>","protected":false},"excerpt":{"rendered":"<p>Prek\u0117s \u017eenklas ir pavadinimas: Flash International<\/p>\n<p>Size: 20 cigarettes<\/p>\n<p>Country of manufacture: France<\/p>\n<p>Production period: Unknown<\/p>\n<p>Package type: Hard package<\/p>","protected":false},"featured_media":6859,"template":"","meta":{"_surecart_dashboard_logo_width":"180px","_surecart_dashboard_show_logo":true,"_surecart_dashboard_navigation_orders":true,"_surecart_dashboard_navigation_invoices":true,"_surecart_dashboard_navigation_subscriptions":true,"_surecart_dashboard_navigation_downloads":true,"_surecart_dashboard_navigation_billing":true,"_surecart_dashboard_navigation_account":true,"site-sidebar-layout":"default","site-content-layout":"","ast-site-content-layout":"default","site-content-style":"default","site-sidebar-style":"default","ast-global-header-display":"","ast-banner-title-visibility":"","ast-main-header-display":"","ast-hfb-above-header-display":"","ast-hfb-below-header-display":"","ast-hfb-mobile-header-display":"","site-post-title":"","ast-breadcrumbs-content":"","ast-featured-img":"","footer-sml-layout":"","ast-disable-related-posts":"","theme-transparent-header-meta":"default","adv-header-id-meta":"","stick-header-meta":"","header-above-stick-meta":"","header-main-stick-meta":"","header-below-stick-meta":"","astra-migrate-meta-layouts":"set","ast-page-background-enabled":"default","ast-page-background-meta":{"desktop":{"background-color":"","background-image":"","background-repeat":"repeat","background-position":"center center","background-size":"auto","background-attachment":"scroll","background-type":"","background-media":"","overlay-type":"","overlay-color":"","overlay-opacity":"","overlay-gradient":""},"tablet":{"background-color":"","background-image":"","background-repeat":"repeat","background-position":"center center","background-size":"auto","background-attachment":"scroll","background-type":"","background-media":"","overlay-type":"","overlay-color":"","overlay-opacity":"","overlay-gradient":""},"mobile":{"background-color":"","background-image":"","background-repeat":"repeat","background-position":"center center","background-size":"auto","background-attachment":"scroll","background-type":"","background-media":"","overlay-type":"","overlay-color":"","overlay-opacity":"","overlay-gradient":""}},"ast-content-background-meta":{"desktop":{"background-color":"var(--ast-global-color-5)","background-image":"","background-repeat":"repeat","background-position":"center center","background-size":"auto","background-attachment":"scroll","background-type":"","background-media":"","overlay-type":"","overlay-color":"","overlay-opacity":"","overlay-gradient":""},"tablet":{"background-color":"var(--ast-global-color-5)","background-image":"","background-repeat":"repeat","background-position":"center center","background-size":"auto","background-attachment":"scroll","background-type":"","background-media":"","overlay-type":"","overlay-color":"","overlay-opacity":"","overlay-gradient":""},"mobile":{"background-color":"var(--ast-global-color-5)","background-image":"","background-repeat":"repeat","background-position":"center center","background-size":"auto","background-attachment":"scroll","background-type":"","background-media":"","overlay-type":"","overlay-color":"","overlay-opacity":"","overlay-gradient":""}}},"product_brand":[],"product_cat":[149],"product_tag":[],"class_list":{"0":"post-6919","1":"product","2":"type-product","3":"status-publish","4":"has-post-thumbnail","6":"product_cat-france","7":"desktop-align-left","8":"tablet-align-left","9":"mobile-align-left","11":"first","12":"instock","13":"shipping-taxable","14":"purchasable","15":"product-type-simple","16":"add-to-wishlist-before_image"},"_links":{"self":[{"href":"https:\/\/colligatum.com\/en\/wp-json\/wp\/v2\/product\/6919","targetHints":{"allow":["GET"]}}],"collection":[{"href":"https:\/\/colligatum.com\/en\/wp-json\/wp\/v2\/product"}],"about":[{"href":"https:\/\/colligatum.com\/en\/wp-json\/wp\/v2\/types\/product"}],"version-history":[{"count":1,"href":"https:\/\/colligatum.com\/en\/wp-json\/wp\/v2\/product\/6919\/revisions"}],"predecessor-version":[{"id":6920,"href":"https:\/\/colligatum.com\/en\/wp-json\/wp\/v2\/product\/6919\/revisions\/6920"}],"wp:featuredmedia":[{"embeddable":true,"href":"https:\/\/colligatum.com\/en\/wp-json\/wp\/v2\/media\/6859"}],"wp:attachment":[{"href":"https:\/\/colligatum.com\/en\/wp-json\/wp\/v2\/media?parent=6919"}],"wp:term":[{"taxonomy":"product_brand","embeddable":true,"href":"https:\/\/colligatum.com\/en\/wp-json\/wp\/v2\/product_brand?post=6919"},{"taxonomy":"product_cat","embeddable":true,"href":"https:\/\/colligatum.com\/en\/wp-json\/wp\/v2\/product_cat?post=6919"},{"taxonomy":"product_tag","embeddable":true,"href":"https:\/\/colligatum.com\/en\/wp-json\/wp\/v2\/product_tag?post=6919"}],"curies":[{"name":"wp","href":"https:\/\/api.w.org\/{rel}","templated":true}]}}