{"id":7794,"date":"2024-11-18T17:07:50","date_gmt":"2024-11-18T15:07:50","guid":{"rendered":"https:\/\/colligatum.com\/?post_type=product&#038;p=7794"},"modified":"2026-04-15T05:49:16","modified_gmt":"2026-04-15T03:49:16","slug":"kosmosas-2","status":"publish","type":"product","link":"https:\/\/colligatum.com\/en\/product\/kosmosas-2\/","title":{"rendered":"Space"},"content":{"rendered":"<p>Apra\u0161ymas: \u0160is Kosmosas cigare\u010di\u0173 pakelis reprezentuoja XX a. Soviet\u0173 S\u0105jungos kosmoso tematik\u0105. Juodas dizainas su raudonomis ir baltomis detal\u0117mis, vaizduojantis raket\u0105 ir \u017evaig\u017ed\u0119, yra simbolinis to laikotarpio kosmini\u0173 lenktyni\u0173 \u012fvaizdis. Pakuot\u0117 puikiai atspindi propagandin\u012f stili\u0173, kuriuo pabr\u0117\u017eiama \u0161alies mokslin\u0117 ir technologin\u0117 pa\u017eanga. Pakelio tekstai pateikti lietuvi\u0173 ir rus\u0173 kalbomis.<\/p>\n<p>Value assessment:<\/p>\n<ul>\n<li><strong>Collectible value:<\/strong> Auk\u0161ta. Tokie pakeliai yra reti ir geid\u017eiami sovietin\u0117s eros kolekcionieri\u0173 tarpe.<\/li>\n<li><strong>Condition assessment:<\/strong> Neatidarytas, ta\u010diau plastiko \u012fpakavimas truput\u012f pa\u017eeistas, kas \u0161iek tiek ma\u017eina vert\u0119.<\/li>\n<li><strong>Historical data and popularity:<\/strong> Kosmoso tema buvo ypa\u010d populiari Soviet\u0173 S\u0105jungoje, tod\u0117l \u0161ie cigare\u010di\u0173 pakeliai yra puikus to laikme\u010dio simbolis.<\/li>\n<\/ul>","protected":false},"excerpt":{"rendered":"<p>Prek\u0117s \u017eenklas ir pavadinimas: Kosmosas<\/p>\n<p>Size: 20 cigarettes<\/p>\n<p>Gamybos \u0161alis: Soviet\u0173 S\u0105junga (Lietuva)<\/p>\n<p>Gamybos laikotarpis: Apytiksliai XX a. 7\u20138 de\u0161imtmetis<\/p>\n<p>Package type: Soft pack<\/p>\n<p>&nbsp;<\/p>","protected":false},"featured_media":7796,"template":"","meta":{"_surecart_dashboard_logo_width":"180px","_surecart_dashboard_show_logo":true,"_surecart_dashboard_navigation_orders":true,"_surecart_dashboard_navigation_invoices":true,"_surecart_dashboard_navigation_subscriptions":true,"_surecart_dashboard_navigation_downloads":true,"_surecart_dashboard_navigation_billing":true,"_surecart_dashboard_navigation_account":true,"site-sidebar-layout":"default","site-content-layout":"","ast-site-content-layout":"default","site-content-style":"default","site-sidebar-style":"default","ast-global-header-display":"","ast-banner-title-visibility":"","ast-main-header-display":"","ast-hfb-above-header-display":"","ast-hfb-below-header-display":"","ast-hfb-mobile-header-display":"","site-post-title":"","ast-breadcrumbs-content":"","ast-featured-img":"","footer-sml-layout":"","theme-transparent-header-meta":"default","adv-header-id-meta":"","stick-header-meta":"","header-above-stick-meta":"","header-main-stick-meta":"","header-below-stick-meta":"","astra-migrate-meta-layouts":"set","ast-page-background-enabled":"default","ast-page-background-meta":{"desktop":{"background-color":"","background-image":"","background-repeat":"repeat","background-position":"center center","background-size":"auto","background-attachment":"scroll","background-type":"","background-media":"","overlay-type":"","overlay-color":"","overlay-opacity":"","overlay-gradient":""},"tablet":{"background-color":"","background-image":"","background-repeat":"repeat","background-position":"center center","background-size":"auto","background-attachment":"scroll","background-type":"","background-media":"","overlay-type":"","overlay-color":"","overlay-opacity":"","overlay-gradient":""},"mobile":{"background-color":"","background-image":"","background-repeat":"repeat","background-position":"center center","background-size":"auto","background-attachment":"scroll","background-type":"","background-media":"","overlay-type":"","overlay-color":"","overlay-opacity":"","overlay-gradient":""}},"ast-content-background-meta":{"desktop":{"background-color":"var(--ast-global-color-5)","background-image":"","background-repeat":"repeat","background-position":"center center","background-size":"auto","background-attachment":"scroll","background-type":"","background-media":"","overlay-type":"","overlay-color":"","overlay-opacity":"","overlay-gradient":""},"tablet":{"background-color":"var(--ast-global-color-5)","background-image":"","background-repeat":"repeat","background-position":"center center","background-size":"auto","background-attachment":"scroll","background-type":"","background-media":"","overlay-type":"","overlay-color":"","overlay-opacity":"","overlay-gradient":""},"mobile":{"background-color":"var(--ast-global-color-5)","background-image":"","background-repeat":"repeat","background-position":"center center","background-size":"auto","background-attachment":"scroll","background-type":"","background-media":"","overlay-type":"","overlay-color":"","overlay-opacity":"","overlay-gradient":""}}},"product_brand":[],"product_cat":[85],"product_tag":[],"class_list":{"0":"post-7794","1":"product","2":"type-product","3":"status-publish","4":"has-post-thumbnail","6":"product_cat-lithuania","7":"desktop-align-left","8":"tablet-align-left","9":"mobile-align-left","11":"first","12":"instock","13":"sale","14":"shipping-taxable","15":"purchasable","16":"product-type-simple","17":"add-to-wishlist-before_image"},"_links":{"self":[{"href":"https:\/\/colligatum.com\/en\/wp-json\/wp\/v2\/product\/7794","targetHints":{"allow":["GET"]}}],"collection":[{"href":"https:\/\/colligatum.com\/en\/wp-json\/wp\/v2\/product"}],"about":[{"href":"https:\/\/colligatum.com\/en\/wp-json\/wp\/v2\/types\/product"}],"version-history":[{"count":1,"href":"https:\/\/colligatum.com\/en\/wp-json\/wp\/v2\/product\/7794\/revisions"}],"predecessor-version":[{"id":7797,"href":"https:\/\/colligatum.com\/en\/wp-json\/wp\/v2\/product\/7794\/revisions\/7797"}],"wp:featuredmedia":[{"embeddable":true,"href":"https:\/\/colligatum.com\/en\/wp-json\/wp\/v2\/media\/7796"}],"wp:attachment":[{"href":"https:\/\/colligatum.com\/en\/wp-json\/wp\/v2\/media?parent=7794"}],"wp:term":[{"taxonomy":"product_brand","embeddable":true,"href":"https:\/\/colligatum.com\/en\/wp-json\/wp\/v2\/product_brand?post=7794"},{"taxonomy":"product_cat","embeddable":true,"href":"https:\/\/colligatum.com\/en\/wp-json\/wp\/v2\/product_cat?post=7794"},{"taxonomy":"product_tag","embeddable":true,"href":"https:\/\/colligatum.com\/en\/wp-json\/wp\/v2\/product_tag?post=7794"}],"curies":[{"name":"wp","href":"https:\/\/api.w.org\/{rel}","templated":true}]}}