{"id":7874,"date":"2024-11-18T18:40:15","date_gmt":"2024-11-18T16:40:15","guid":{"rendered":"https:\/\/colligatum.com\/?post_type=product&#038;p=7874"},"modified":"2026-04-15T12:15:36","modified_gmt":"2026-04-15T10:15:36","slug":"%d0%b3%d0%b5%d1%80%d1%86%d0%b5%d0%b3%d0%be%d0%b2%d0%b8%d0%bd%d0%b0-%d1%84%d0%bb%d0%be%d1%80","status":"publish","type":"product","link":"https:\/\/colligatum.com\/en\/product\/%d0%b3%d0%b5%d1%80%d1%86%d0%b5%d0%b3%d0%be%d0%b2%d0%b8%d0%bd%d0%b0-%d1%84%d0%bb%d0%be%d1%80\/","title":{"rendered":"Herzegovina Flor"},"content":{"rendered":"<p><strong>Description:<\/strong> \u0413\u0435\u0440\u0446\u0435\u0433\u043e\u0432\u0438\u043d\u0430 \u0424\u043b\u043e\u0440 cigare\u010di\u0173 pakelis pasi\u017eymi tamsiai \u017ealiu ir juodu spalv\u0173 deriniu, kuris suteikia jam elegancijos. Dizain\u0105 papildo aukso spalvos detal\u0117s ir preki\u0173 \u017eenklas, \u012ftvirtinantis i\u0161skirtinumo poj\u016bt\u012f. \u0160is pakelis siejamas su auk\u0161tos kokyb\u0117s cigaret\u0117mis, kurios buvo \u017einomos d\u0117l stipraus aromato ir sodraus skonio. Pakuot\u0117 i\u0161saugojo original\u0173 sovietin\u0117s eros dizain\u0105, atspind\u0117dama to laikotarpio estetinius standartus.<\/p>\n<p><strong>Value assessment:<\/strong><\/p>\n<ul>\n<li><strong>Collectible value:<\/strong> Auk\u0161ta, nes tai vienas i\u0161 labiau ie\u0161kom\u0173 sovietin\u0117s produkcijos cigare\u010di\u0173 preki\u0173 \u017eenkl\u0173, turintis ry\u0161ki\u0105 dizaino ir istorin\u0119 reik\u0161m\u0119.<\/li>\n<li><strong>Condition assessment:<\/strong> Pakelis yra nepriekai\u0161tingai u\u017esandarintas ir i\u0161laik\u0119s puiki\u0105 i\u0161vaizd\u0105, kas \u017eymiai padidina jo kolekcin\u0119 vert\u0119.<\/li>\n<li><strong>Historical data and popularity:<\/strong> \u0413\u0435\u0440\u0446\u0435\u0433\u043e\u0432\u0438\u043d\u0430 \u0424\u043b\u043e\u0440 buvo laikomas presti\u017einiu prek\u0117s \u017eenklu, da\u017enai siejamu su auk\u0161tesn\u0117mis visuomen\u0117s klas\u0117mis ir reprezentuojan\u010diu auk\u0161\u010diausi\u0105 sovietin\u0117s tabako gamybos kokyb\u0119.<\/li>\n<\/ul>","protected":false},"excerpt":{"rendered":"<p><strong>Brand and name:<\/strong> Herzegovina Flor<\/p>\n<p><strong>Size:<\/strong> 20 cigarettes<\/p>\n<p><strong>Country of manufacture:<\/strong> USSR<\/p>\n<p><strong>Production period:\u00a0<\/strong>1960-1980 m.<\/p>\n<p><strong>Package type:<\/strong> Soft pack<\/p>","protected":false},"featured_media":27695,"template":"","meta":{"_surecart_dashboard_logo_width":"180px","_surecart_dashboard_show_logo":true,"_surecart_dashboard_navigation_orders":true,"_surecart_dashboard_navigation_invoices":true,"_surecart_dashboard_navigation_subscriptions":true,"_surecart_dashboard_navigation_downloads":true,"_surecart_dashboard_navigation_billing":true,"_surecart_dashboard_navigation_account":true,"site-sidebar-layout":"default","site-content-layout":"","ast-site-content-layout":"default","site-content-style":"default","site-sidebar-style":"default","ast-global-header-display":"","ast-banner-title-visibility":"","ast-main-header-display":"","ast-hfb-above-header-display":"","ast-hfb-below-header-display":"","ast-hfb-mobile-header-display":"","site-post-title":"","ast-breadcrumbs-content":"","ast-featured-img":"","footer-sml-layout":"","theme-transparent-header-meta":"default","adv-header-id-meta":"","stick-header-meta":"","header-above-stick-meta":"","header-main-stick-meta":"","header-below-stick-meta":"","astra-migrate-meta-layouts":"set","ast-page-background-enabled":"default","ast-page-background-meta":{"desktop":{"background-color":"","background-image":"","background-repeat":"repeat","background-position":"center center","background-size":"auto","background-attachment":"scroll","background-type":"","background-media":"","overlay-type":"","overlay-color":"","overlay-opacity":"","overlay-gradient":""},"tablet":{"background-color":"","background-image":"","background-repeat":"repeat","background-position":"center center","background-size":"auto","background-attachment":"scroll","background-type":"","background-media":"","overlay-type":"","overlay-color":"","overlay-opacity":"","overlay-gradient":""},"mobile":{"background-color":"","background-image":"","background-repeat":"repeat","background-position":"center center","background-size":"auto","background-attachment":"scroll","background-type":"","background-media":"","overlay-type":"","overlay-color":"","overlay-opacity":"","overlay-gradient":""}},"ast-content-background-meta":{"desktop":{"background-color":"var(--ast-global-color-5)","background-image":"","background-repeat":"repeat","background-position":"center center","background-size":"auto","background-attachment":"scroll","background-type":"","background-media":"","overlay-type":"","overlay-color":"","overlay-opacity":"","overlay-gradient":""},"tablet":{"background-color":"var(--ast-global-color-5)","background-image":"","background-repeat":"repeat","background-position":"center center","background-size":"auto","background-attachment":"scroll","background-type":"","background-media":"","overlay-type":"","overlay-color":"","overlay-opacity":"","overlay-gradient":""},"mobile":{"background-color":"var(--ast-global-color-5)","background-image":"","background-repeat":"repeat","background-position":"center center","background-size":"auto","background-attachment":"scroll","background-type":"","background-media":"","overlay-type":"","overlay-color":"","overlay-opacity":"","overlay-gradient":""}}},"product_brand":[],"product_cat":[257,183],"product_tag":[],"class_list":{"0":"post-7874","1":"product","2":"type-product","3":"status-publish","4":"has-post-thumbnail","6":"product_cat-rarest","7":"product_cat-russia","8":"desktop-align-left","9":"tablet-align-left","10":"mobile-align-left","12":"first","13":"instock","14":"sale","15":"shipping-taxable","16":"purchasable","17":"product-type-simple","18":"add-to-wishlist-before_image"},"_links":{"self":[{"href":"https:\/\/colligatum.com\/en\/wp-json\/wp\/v2\/product\/7874","targetHints":{"allow":["GET"]}}],"collection":[{"href":"https:\/\/colligatum.com\/en\/wp-json\/wp\/v2\/product"}],"about":[{"href":"https:\/\/colligatum.com\/en\/wp-json\/wp\/v2\/types\/product"}],"version-history":[{"count":2,"href":"https:\/\/colligatum.com\/en\/wp-json\/wp\/v2\/product\/7874\/revisions"}],"predecessor-version":[{"id":27636,"href":"https:\/\/colligatum.com\/en\/wp-json\/wp\/v2\/product\/7874\/revisions\/27636"}],"wp:featuredmedia":[{"embeddable":true,"href":"https:\/\/colligatum.com\/en\/wp-json\/wp\/v2\/media\/27695"}],"wp:attachment":[{"href":"https:\/\/colligatum.com\/en\/wp-json\/wp\/v2\/media?parent=7874"}],"wp:term":[{"taxonomy":"product_brand","embeddable":true,"href":"https:\/\/colligatum.com\/en\/wp-json\/wp\/v2\/product_brand?post=7874"},{"taxonomy":"product_cat","embeddable":true,"href":"https:\/\/colligatum.com\/en\/wp-json\/wp\/v2\/product_cat?post=7874"},{"taxonomy":"product_tag","embeddable":true,"href":"https:\/\/colligatum.com\/en\/wp-json\/wp\/v2\/product_tag?post=7874"}],"curies":[{"name":"wp","href":"https:\/\/api.w.org\/{rel}","templated":true}]}}