{"id":9676,"date":"2025-05-30T03:55:28","date_gmt":"2025-05-30T01:55:28","guid":{"rendered":"https:\/\/colligatum.com\/?post_type=product&#038;p=9676"},"modified":"2026-03-20T09:49:02","modified_gmt":"2026-03-20T07:49:02","slug":"giewont","status":"publish","type":"product","link":"https:\/\/colligatum.com\/en\/product\/giewont\/","title":{"rendered":"GIEWONT"},"content":{"rendered":"<h3 data-start=\"417\" data-end=\"435\"><strong data-start=\"421\" data-end=\"435\">Description:<\/strong><\/h3>\n<p data-start=\"437\" data-end=\"655\">GIEWONT cigare\u010di\u0173 pakeliai yra autenti\u0161ki v\u0117lyvojo socialistinio laikotarpio Lenkijos tabako gaminiai. Jie pasi\u017eymi paprastu, bet ry\u0161kiu dizainu \u2013 abu variantai vaizduoja Giewont kaln\u0105, vien\u0105 \u017eymiausi\u0173 Tatr\u0173 simboli\u0173.<\/p>\n<ul data-start=\"657\" data-end=\"784\">\n<li data-start=\"657\" data-end=\"724\">\n<p data-start=\"659\" data-end=\"724\"><strong data-start=\"659\" data-end=\"680\">M\u0117lynas variantas<\/strong> pasi\u017eymi \u0161altomis, subtiliomis spalvomis, o<\/p>\n<\/li>\n<li data-start=\"725\" data-end=\"784\">\n<p data-start=\"727\" data-end=\"784\"><strong data-start=\"727\" data-end=\"749\">Geltonas variantas<\/strong> \u2013 \u0161iltesniu, ry\u0161kesniu koloritu.<\/p>\n<\/li>\n<\/ul>\n<p data-start=\"786\" data-end=\"971\">Ant abiej\u0173 pakeli\u0173 matyti logotipas su filtruoto cigare\u010di\u0173 tipo \u017eyma ir sveikatos \u012fsp\u0117jimai lenk\u0173 kalba. Pakuot\u0117s minimalistin\u0117s, ai\u0161kiai perteikian\u010dios to laikotarpio vizualin\u012f stili\u0173.<\/p>\n<hr data-start=\"973\" data-end=\"976\" \/>\n<h3 data-start=\"978\" data-end=\"1005\"><strong data-start=\"982\" data-end=\"1005\">Value assessment:<\/strong><\/h3>\n<ul data-start=\"1007\" data-end=\"1578\">\n<li data-start=\"1007\" data-end=\"1268\">\n<p data-start=\"1009\" data-end=\"1268\"><strong data-start=\"1009\" data-end=\"1029\">Collectible value:<\/strong> Vidutin\u0117\u2013auk\u0161ta. \u0160ie pakeliai yra istori\u0161kai reik\u0161mingi d\u0117l savo priklausymo komunistinio laikotarpio Lenkijos gamybai. Jie da\u017enai ie\u0161komi tarp kolekcinink\u0173, besidomin\u010di\u0173 Ryt\u0173 Europos dizainu ar \u0161altojo karo laikotarpio tabako produktais.<\/p>\n<\/li>\n<li data-start=\"1269\" data-end=\"1365\">\n<p data-start=\"1271\" data-end=\"1365\"><strong data-start=\"1271\" data-end=\"1293\">Condition assessment:<\/strong> Atrodo nepa\u017eeisti, su originaliu u\u017eklijuotu vir\u0161umi \u2013 labai gera b\u016bkl\u0117.<\/p>\n<\/li>\n<li data-start=\"1366\" data-end=\"1578\">\n<p data-start=\"1368\" data-end=\"1578\"><strong data-start=\"1368\" data-end=\"1408\">Historical data and popularity:<\/strong> Cigare\u010di\u0173 prek\u0117s \u017eenklas <strong data-start=\"1434\" data-end=\"1445\">GIEWONT<\/strong> n\u0117ra masi\u0161kai \u017einomas u\u017e Lenkijos rib\u0173, ta\u010diau vietiniame ar kolekcinink\u0173 rate jis vertinamas kaip autenti\u0161kas regioninis produktas.<\/p>\n<\/li>\n<\/ul>","protected":false},"excerpt":{"rendered":"<p data-start=\"240\" data-end=\"263\"><strong data-start=\"240\" data-end=\"250\">Size:<\/strong> 20 cigarettes<\/p>\n<p data-start=\"265\" data-end=\"291\"><strong data-start=\"265\" data-end=\"283\">Country of manufacture:<\/strong> Poland<\/p>\n<p data-start=\"293\" data-end=\"373\"><strong data-start=\"293\" data-end=\"317\">Production period:<\/strong> Apie 1980\u20131990 metai (komunistinio laikotarpio pabaiga)<\/p>\n<p data-start=\"375\" data-end=\"410\"><strong data-start=\"375\" data-end=\"393\">Package type:<\/strong> Soft pack<\/p>","protected":false},"featured_media":9678,"template":"","meta":{"_surecart_dashboard_logo_width":"180px","_surecart_dashboard_show_logo":true,"_surecart_dashboard_navigation_orders":true,"_surecart_dashboard_navigation_invoices":true,"_surecart_dashboard_navigation_subscriptions":true,"_surecart_dashboard_navigation_downloads":true,"_surecart_dashboard_navigation_billing":true,"_surecart_dashboard_navigation_account":true,"site-sidebar-layout":"default","site-content-layout":"","ast-site-content-layout":"default","site-content-style":"default","site-sidebar-style":"default","ast-global-header-display":"","ast-banner-title-visibility":"","ast-main-header-display":"","ast-hfb-above-header-display":"","ast-hfb-below-header-display":"","ast-hfb-mobile-header-display":"","site-post-title":"","ast-breadcrumbs-content":"","ast-featured-img":"","footer-sml-layout":"","theme-transparent-header-meta":"default","adv-header-id-meta":"","stick-header-meta":"","header-above-stick-meta":"","header-main-stick-meta":"","header-below-stick-meta":"","astra-migrate-meta-layouts":"set","ast-page-background-enabled":"default","ast-page-background-meta":{"desktop":{"background-color":"","background-image":"","background-repeat":"repeat","background-position":"center center","background-size":"auto","background-attachment":"scroll","background-type":"","background-media":"","overlay-type":"","overlay-color":"","overlay-opacity":"","overlay-gradient":""},"tablet":{"background-color":"","background-image":"","background-repeat":"repeat","background-position":"center center","background-size":"auto","background-attachment":"scroll","background-type":"","background-media":"","overlay-type":"","overlay-color":"","overlay-opacity":"","overlay-gradient":""},"mobile":{"background-color":"","background-image":"","background-repeat":"repeat","background-position":"center center","background-size":"auto","background-attachment":"scroll","background-type":"","background-media":"","overlay-type":"","overlay-color":"","overlay-opacity":"","overlay-gradient":""}},"ast-content-background-meta":{"desktop":{"background-color":"var(--ast-global-color-5)","background-image":"","background-repeat":"repeat","background-position":"center center","background-size":"auto","background-attachment":"scroll","background-type":"","background-media":"","overlay-type":"","overlay-color":"","overlay-opacity":"","overlay-gradient":""},"tablet":{"background-color":"var(--ast-global-color-5)","background-image":"","background-repeat":"repeat","background-position":"center center","background-size":"auto","background-attachment":"scroll","background-type":"","background-media":"","overlay-type":"","overlay-color":"","overlay-opacity":"","overlay-gradient":""},"mobile":{"background-color":"var(--ast-global-color-5)","background-image":"","background-repeat":"repeat","background-position":"center center","background-size":"auto","background-attachment":"scroll","background-type":"","background-media":"","overlay-type":"","overlay-color":"","overlay-opacity":"","overlay-gradient":""}}},"product_brand":[],"product_cat":[182],"product_tag":[],"class_list":{"0":"post-9676","1":"product","2":"type-product","3":"status-publish","4":"has-post-thumbnail","6":"product_cat-poland","7":"desktop-align-left","8":"tablet-align-left","9":"mobile-align-left","11":"first","12":"outofstock","13":"shipping-taxable","14":"purchasable","15":"product-type-simple"},"_links":{"self":[{"href":"https:\/\/colligatum.com\/en\/wp-json\/wp\/v2\/product\/9676","targetHints":{"allow":["GET"]}}],"collection":[{"href":"https:\/\/colligatum.com\/en\/wp-json\/wp\/v2\/product"}],"about":[{"href":"https:\/\/colligatum.com\/en\/wp-json\/wp\/v2\/types\/product"}],"version-history":[{"count":1,"href":"https:\/\/colligatum.com\/en\/wp-json\/wp\/v2\/product\/9676\/revisions"}],"predecessor-version":[{"id":9739,"href":"https:\/\/colligatum.com\/en\/wp-json\/wp\/v2\/product\/9676\/revisions\/9739"}],"wp:featuredmedia":[{"embeddable":true,"href":"https:\/\/colligatum.com\/en\/wp-json\/wp\/v2\/media\/9678"}],"wp:attachment":[{"href":"https:\/\/colligatum.com\/en\/wp-json\/wp\/v2\/media?parent=9676"}],"wp:term":[{"taxonomy":"product_brand","embeddable":true,"href":"https:\/\/colligatum.com\/en\/wp-json\/wp\/v2\/product_brand?post=9676"},{"taxonomy":"product_cat","embeddable":true,"href":"https:\/\/colligatum.com\/en\/wp-json\/wp\/v2\/product_cat?post=9676"},{"taxonomy":"product_tag","embeddable":true,"href":"https:\/\/colligatum.com\/en\/wp-json\/wp\/v2\/product_tag?post=9676"}],"curies":[{"name":"wp","href":"https:\/\/api.w.org\/{rel}","templated":true}]}}