{"id":9771,"date":"2025-05-30T04:36:28","date_gmt":"2025-05-30T02:36:28","guid":{"rendered":"https:\/\/colligatum.com\/?post_type=product&#038;p=9771"},"modified":"2026-03-20T09:49:01","modified_gmt":"2026-03-20T07:49:01","slug":"klubowe-z-filtrem-acetatowym","status":"publish","type":"product","link":"https:\/\/colligatum.com\/en\/product\/klubowe-z-filtrem-acetatowym\/","title":{"rendered":"Klubowe &quot;z filtrem acetatowym&quot;\u201e"},"content":{"rendered":"<h3 data-start=\"387\" data-end=\"405\"><strong data-start=\"391\" data-end=\"405\">Description:<\/strong><\/h3>\n<p data-start=\"407\" data-end=\"763\"><strong data-start=\"407\" data-end=\"418\">Klubowe<\/strong> \u2013 tai vienas \u017einomiausi\u0173 Lenkijos tabako preki\u0173 \u017eenkl\u0173 socialistiniu laikotarpiu. \u0160is konkretus variantas pasi\u017eymi raudonos spalvos fonu su baltu \u017eenklu, kuriame puslankiu i\u0161d\u0117stytos raid\u0117s K-L-U-B-O-W-E ir centre esantis gamintojo simbolis su inicialais <strong data-start=\"674\" data-end=\"681\">KWP<\/strong> \u2013 this <strong data-start=\"688\" data-end=\"720\">Krajowa Wytw\u00f3rnia Papieros\u00f3w<\/strong>, viena pagrindini\u0173 Lenkijos tabako \u012fmoni\u0173.<\/p>\n<p data-start=\"765\" data-end=\"1016\">Apra\u0161as \u201ez filtrem acetatowym\u201c rei\u0161kia, kad cigaret\u0117s turi <strong data-start=\"824\" data-end=\"844\">acetatin\u012f filtr\u0105<\/strong> \u2013 tuo metu laikyt\u0105 pa\u017eangesne technologija nei paprasti filtrai. Ant vir\u0161utin\u0117s pakelio dalies \u2013 klasikinis tabako lapo \u017eenklas, da\u017enai naudotas to laikotarpio gaminiuose.<\/p>\n<hr data-start=\"1018\" data-end=\"1021\" \/>\n<h3 data-start=\"1023\" data-end=\"1050\"><strong data-start=\"1027\" data-end=\"1050\">Value assessment:<\/strong><\/h3>\n<ul data-start=\"1052\" data-end=\"1700\">\n<li data-start=\"1052\" data-end=\"1289\">\n<p data-start=\"1054\" data-end=\"1289\"><strong data-start=\"1054\" data-end=\"1074\">Collectible value:<\/strong> Medium\u2013high. <strong data-start=\"1092\" data-end=\"1103\">Klubowe<\/strong> yra vienas reprezentatyviausi\u0173 lenki\u0161k\u0173 cigare\u010di\u0173 preki\u0173 \u017eenkl\u0173 i\u0161 komunistin\u0117s eros. \u0160is konkretus variantas, su <strong data-start=\"1218\" data-end=\"1239\">acetatiniu filtru<\/strong>, laikomas technologi\u0161kai pa\u017eangesniu ir retesniu.<\/p>\n<\/li>\n<li data-start=\"1290\" data-end=\"1471\">\n<p data-start=\"1292\" data-end=\"1471\"><strong data-start=\"1292\" data-end=\"1314\">Condition assessment:<\/strong> Labai gera, nepa\u017eeista pakuot\u0117, originali pl\u0117vel\u0117 n\u0117ra matoma, bet pats pakelis atrodo <strong data-start=\"1402\" data-end=\"1418\">unopened<\/strong>, su \u0161iek tiek laiko po\u017eymi\u0173 (normalu tokiam am\u017eiui).<\/p>\n<\/li>\n<li data-start=\"1472\" data-end=\"1700\">\n<p data-start=\"1474\" data-end=\"1700\"><strong data-start=\"1474\" data-end=\"1514\">Historical data and popularity:<\/strong> <strong data-start=\"1515\" data-end=\"1526\">Klubowe<\/strong> buvo platinamos pla\u010diai, bet i\u0161saugoti pakeliai \u0161iuo metu laikomi kolekcin\u0117mis relikvijomis \u2013 tai vienas i\u0161 autenti\u0161kiausi\u0173 Ryt\u0173 Europos vizualios tabako kult\u016bros pavyzd\u017ei\u0173.<\/p>\n<\/li>\n<\/ul>","protected":false},"excerpt":{"rendered":"<h3 data-start=\"107\" data-end=\"176\"><strong data-start=\"111\" data-end=\"145\">Brand and name:<\/strong> Klubowe &quot;z filtrem acetatowym&quot;\u201e<\/h3>\n<p data-start=\"178\" data-end=\"201\"><strong data-start=\"178\" data-end=\"188\">Size:<\/strong> 20 cigarettes<\/p>\n<p data-start=\"203\" data-end=\"229\"><strong data-start=\"203\" data-end=\"221\">Country of manufacture:<\/strong> Poland<\/p>\n<p data-start=\"231\" data-end=\"343\"><strong data-start=\"231\" data-end=\"255\">Production period:<\/strong> Apie 1970\u20131985 m. (remiantis dizainu, popierine pakuote ir terminija \u201eacetatowy filtr\u201c)<\/p>\n<p data-start=\"345\" data-end=\"380\"><strong data-start=\"345\" data-end=\"363\">Package type:<\/strong> Soft pack<\/p>","protected":false},"featured_media":9709,"template":"","meta":{"_surecart_dashboard_logo_width":"180px","_surecart_dashboard_show_logo":true,"_surecart_dashboard_navigation_orders":true,"_surecart_dashboard_navigation_invoices":true,"_surecart_dashboard_navigation_subscriptions":true,"_surecart_dashboard_navigation_downloads":true,"_surecart_dashboard_navigation_billing":true,"_surecart_dashboard_navigation_account":true,"site-sidebar-layout":"default","site-content-layout":"","ast-site-content-layout":"default","site-content-style":"default","site-sidebar-style":"default","ast-global-header-display":"","ast-banner-title-visibility":"","ast-main-header-display":"","ast-hfb-above-header-display":"","ast-hfb-below-header-display":"","ast-hfb-mobile-header-display":"","site-post-title":"","ast-breadcrumbs-content":"","ast-featured-img":"","footer-sml-layout":"","theme-transparent-header-meta":"default","adv-header-id-meta":"","stick-header-meta":"","header-above-stick-meta":"","header-main-stick-meta":"","header-below-stick-meta":"","astra-migrate-meta-layouts":"set","ast-page-background-enabled":"default","ast-page-background-meta":{"desktop":{"background-color":"","background-image":"","background-repeat":"repeat","background-position":"center center","background-size":"auto","background-attachment":"scroll","background-type":"","background-media":"","overlay-type":"","overlay-color":"","overlay-opacity":"","overlay-gradient":""},"tablet":{"background-color":"","background-image":"","background-repeat":"repeat","background-position":"center center","background-size":"auto","background-attachment":"scroll","background-type":"","background-media":"","overlay-type":"","overlay-color":"","overlay-opacity":"","overlay-gradient":""},"mobile":{"background-color":"","background-image":"","background-repeat":"repeat","background-position":"center center","background-size":"auto","background-attachment":"scroll","background-type":"","background-media":"","overlay-type":"","overlay-color":"","overlay-opacity":"","overlay-gradient":""}},"ast-content-background-meta":{"desktop":{"background-color":"var(--ast-global-color-5)","background-image":"","background-repeat":"repeat","background-position":"center center","background-size":"auto","background-attachment":"scroll","background-type":"","background-media":"","overlay-type":"","overlay-color":"","overlay-opacity":"","overlay-gradient":""},"tablet":{"background-color":"var(--ast-global-color-5)","background-image":"","background-repeat":"repeat","background-position":"center center","background-size":"auto","background-attachment":"scroll","background-type":"","background-media":"","overlay-type":"","overlay-color":"","overlay-opacity":"","overlay-gradient":""},"mobile":{"background-color":"var(--ast-global-color-5)","background-image":"","background-repeat":"repeat","background-position":"center center","background-size":"auto","background-attachment":"scroll","background-type":"","background-media":"","overlay-type":"","overlay-color":"","overlay-opacity":"","overlay-gradient":""}}},"product_brand":[],"product_cat":[182],"product_tag":[],"class_list":{"0":"post-9771","1":"product","2":"type-product","3":"status-publish","4":"has-post-thumbnail","6":"product_cat-poland","7":"desktop-align-left","8":"tablet-align-left","9":"mobile-align-left","11":"first","12":"outofstock","13":"shipping-taxable","14":"purchasable","15":"product-type-simple"},"_links":{"self":[{"href":"https:\/\/colligatum.com\/en\/wp-json\/wp\/v2\/product\/9771","targetHints":{"allow":["GET"]}}],"collection":[{"href":"https:\/\/colligatum.com\/en\/wp-json\/wp\/v2\/product"}],"about":[{"href":"https:\/\/colligatum.com\/en\/wp-json\/wp\/v2\/types\/product"}],"version-history":[{"count":1,"href":"https:\/\/colligatum.com\/en\/wp-json\/wp\/v2\/product\/9771\/revisions"}],"predecessor-version":[{"id":9772,"href":"https:\/\/colligatum.com\/en\/wp-json\/wp\/v2\/product\/9771\/revisions\/9772"}],"wp:featuredmedia":[{"embeddable":true,"href":"https:\/\/colligatum.com\/en\/wp-json\/wp\/v2\/media\/9709"}],"wp:attachment":[{"href":"https:\/\/colligatum.com\/en\/wp-json\/wp\/v2\/media?parent=9771"}],"wp:term":[{"taxonomy":"product_brand","embeddable":true,"href":"https:\/\/colligatum.com\/en\/wp-json\/wp\/v2\/product_brand?post=9771"},{"taxonomy":"product_cat","embeddable":true,"href":"https:\/\/colligatum.com\/en\/wp-json\/wp\/v2\/product_cat?post=9771"},{"taxonomy":"product_tag","embeddable":true,"href":"https:\/\/colligatum.com\/en\/wp-json\/wp\/v2\/product_tag?post=9771"}],"curies":[{"name":"wp","href":"https:\/\/api.w.org\/{rel}","templated":true}]}}