{"id":9789,"date":"2025-05-30T04:56:04","date_gmt":"2025-05-30T02:56:04","guid":{"rendered":"https:\/\/colligatum.com\/?post_type=product&#038;p=9789"},"modified":"2025-11-28T07:52:54","modified_gmt":"2025-11-28T05:52:54","slug":"ronson-special-blend","status":"publish","type":"product","link":"https:\/\/colligatum.com\/en\/product\/ronson-special-blend\/","title":{"rendered":"Ronson \u201cSpecial Filter\u201d"},"content":{"rendered":"<ul data-start=\"31\" data-end=\"699\">\n<li data-start=\"419\" data-end=\"699\">\n<p data-start=\"231\" data-end=\"743\"><strong data-start=\"231\" data-end=\"245\">Description:<\/strong><br data-start=\"245\" data-end=\"248\" \/>Ronson \u201cSpecial Filter\u201d yra klasikinio raudono dizaino pakelis, b\u016bdingas ekonomin\u0117s\u2013vidutin\u0117s klas\u0117s tabako segmentui, kuris tuo metu buvo gana pla\u010diai paplit\u0119s Baltijos regione. Ant priekin\u0117s pus\u0117s dominuoja raudonas fonas su auksiniu prek\u0117s \u017eenklo logotipu centre. Pakelis celofanuotas, nepa\u017eeistas, ry\u0161kios spalvos i\u0161likusios puikiai, kas ypa\u010d teigiamai vertinama kolekcinink\u0173 tarpe, nes dauguma Ronson pakeli\u0173 \u012f rink\u0105 pateko aktyviai naudoti ir \u0161iandien da\u017eniausiai sutinkami prastos b\u016bkl\u0117s.<\/p>\n<p data-start=\"745\" data-end=\"1294\"><strong data-start=\"745\" data-end=\"768\">Value assessment:<\/strong><br data-start=\"768\" data-end=\"771\" \/><strong data-start=\"771\" data-end=\"791\">Collectible value:<\/strong> Vidutin\u0117. Ronson n\u0117ra auk\u0161tos kolekcin\u0117s vert\u0117s prek\u0117s \u017eenklas, ta\u010diau Baltijos regiono ankstesni leidimai su nacionalin\u0117mis \u012fsp\u0117jim\u0173 kalbomis turi stabil\u0173 dom\u0117jim\u0105si tarp temini\u0173 rink\u0117j\u0173.<br data-start=\"980\" data-end=\"983\" \/><strong data-start=\"983\" data-end=\"1005\">Condition assessment:<\/strong> Unopened, cellophane wrapped, in excellent condition.<br data-start=\"1049\" data-end=\"1052\" \/><strong data-start=\"1052\" data-end=\"1092\">Historical data and popularity:<\/strong> Ronson Lietuvoje buvo populiarus nebrangus prek\u0117s \u017eenklas, tod\u0117l kolekcin\u0117je erdv\u0117je tik nepa\u017eeisti, gerai i\u0161silaik\u0119 pavyzd\u017eiai vertinami bent i\u0161 dalies auk\u0161\u010diau nei \u012fprasti ekonomin\u0117s klas\u0117s pakeliai.<\/p>\n<\/li>\n<\/ul>","protected":false},"excerpt":{"rendered":"<ul>\n<li data-start=\"31\" data-end=\"90\">\n<p data-start=\"33\" data-end=\"90\"><strong data-start=\"0\" data-end=\"34\">Brand and name:<\/strong> Ronson \u201cSpecial Filter\u201d<br data-start=\"58\" data-end=\"61\" \/><strong data-start=\"61\" data-end=\"71\">Size:<\/strong> 20 cigarettes<br data-start=\"84\" data-end=\"87\" \/><strong data-start=\"87\" data-end=\"105\">Country of manufacture:<\/strong> Lietuva (pagal \u012fsp\u0117jimo kalb\u0105 lietuvi\u0173 k.)<br data-start=\"148\" data-end=\"151\" \/><strong data-start=\"151\" data-end=\"175\" data-is-only-node=\"\">Production period:<\/strong> Around 2004\u20132010.<br data-start=\"193\" data-end=\"196\" \/><strong data-start=\"196\" data-end=\"214\">Package type:<\/strong> Hard pack<\/p>\n<\/li>\n<li data-start=\"389\" data-end=\"418\">\n<p data-start=\"391\" data-end=\"418\"><strong data-start=\"391\" data-end=\"409\">Package type:<\/strong> Hard<\/p>\n<\/li>\n<\/ul>","protected":false},"featured_media":9728,"template":"","meta":{"_surecart_dashboard_logo_width":"180px","_surecart_dashboard_show_logo":true,"_surecart_dashboard_navigation_orders":true,"_surecart_dashboard_navigation_invoices":true,"_surecart_dashboard_navigation_subscriptions":true,"_surecart_dashboard_navigation_downloads":true,"_surecart_dashboard_navigation_billing":true,"_surecart_dashboard_navigation_account":true,"site-sidebar-layout":"default","site-content-layout":"","ast-site-content-layout":"default","site-content-style":"default","site-sidebar-style":"default","ast-global-header-display":"","ast-banner-title-visibility":"","ast-main-header-display":"","ast-hfb-above-header-display":"","ast-hfb-below-header-display":"","ast-hfb-mobile-header-display":"","site-post-title":"","ast-breadcrumbs-content":"","ast-featured-img":"","footer-sml-layout":"","theme-transparent-header-meta":"default","adv-header-id-meta":"","stick-header-meta":"","header-above-stick-meta":"","header-main-stick-meta":"","header-below-stick-meta":"","astra-migrate-meta-layouts":"set","ast-page-background-enabled":"default","ast-page-background-meta":{"desktop":{"background-color":"","background-image":"","background-repeat":"repeat","background-position":"center center","background-size":"auto","background-attachment":"scroll","background-type":"","background-media":"","overlay-type":"","overlay-color":"","overlay-opacity":"","overlay-gradient":""},"tablet":{"background-color":"","background-image":"","background-repeat":"repeat","background-position":"center center","background-size":"auto","background-attachment":"scroll","background-type":"","background-media":"","overlay-type":"","overlay-color":"","overlay-opacity":"","overlay-gradient":""},"mobile":{"background-color":"","background-image":"","background-repeat":"repeat","background-position":"center center","background-size":"auto","background-attachment":"scroll","background-type":"","background-media":"","overlay-type":"","overlay-color":"","overlay-opacity":"","overlay-gradient":""}},"ast-content-background-meta":{"desktop":{"background-color":"var(--ast-global-color-5)","background-image":"","background-repeat":"repeat","background-position":"center center","background-size":"auto","background-attachment":"scroll","background-type":"","background-media":"","overlay-type":"","overlay-color":"","overlay-opacity":"","overlay-gradient":""},"tablet":{"background-color":"var(--ast-global-color-5)","background-image":"","background-repeat":"repeat","background-position":"center center","background-size":"auto","background-attachment":"scroll","background-type":"","background-media":"","overlay-type":"","overlay-color":"","overlay-opacity":"","overlay-gradient":""},"mobile":{"background-color":"var(--ast-global-color-5)","background-image":"","background-repeat":"repeat","background-position":"center center","background-size":"auto","background-attachment":"scroll","background-type":"","background-media":"","overlay-type":"","overlay-color":"","overlay-opacity":"","overlay-gradient":""}}},"product_brand":[],"product_cat":[85],"product_tag":[],"class_list":{"0":"post-9789","1":"product","2":"type-product","3":"status-publish","4":"has-post-thumbnail","6":"product_cat-lithuania","7":"desktop-align-left","8":"tablet-align-left","9":"mobile-align-left","11":"first","12":"instock","13":"sale","14":"shipping-taxable","15":"purchasable","16":"product-type-simple","17":"add-to-wishlist-before_image"},"_links":{"self":[{"href":"https:\/\/colligatum.com\/en\/wp-json\/wp\/v2\/product\/9789","targetHints":{"allow":["GET"]}}],"collection":[{"href":"https:\/\/colligatum.com\/en\/wp-json\/wp\/v2\/product"}],"about":[{"href":"https:\/\/colligatum.com\/en\/wp-json\/wp\/v2\/types\/product"}],"version-history":[{"count":3,"href":"https:\/\/colligatum.com\/en\/wp-json\/wp\/v2\/product\/9789\/revisions"}],"predecessor-version":[{"id":24410,"href":"https:\/\/colligatum.com\/en\/wp-json\/wp\/v2\/product\/9789\/revisions\/24410"}],"wp:featuredmedia":[{"embeddable":true,"href":"https:\/\/colligatum.com\/en\/wp-json\/wp\/v2\/media\/9728"}],"wp:attachment":[{"href":"https:\/\/colligatum.com\/en\/wp-json\/wp\/v2\/media?parent=9789"}],"wp:term":[{"taxonomy":"product_brand","embeddable":true,"href":"https:\/\/colligatum.com\/en\/wp-json\/wp\/v2\/product_brand?post=9789"},{"taxonomy":"product_cat","embeddable":true,"href":"https:\/\/colligatum.com\/en\/wp-json\/wp\/v2\/product_cat?post=9789"},{"taxonomy":"product_tag","embeddable":true,"href":"https:\/\/colligatum.com\/en\/wp-json\/wp\/v2\/product_tag?post=9789"}],"curies":[{"name":"wp","href":"https:\/\/api.w.org\/{rel}","templated":true}]}}