{"id":9796,"date":"2025-05-30T05:07:19","date_gmt":"2025-05-30T03:07:19","guid":{"rendered":"https:\/\/colligatum.com\/?post_type=product&#038;p=9796"},"modified":"2026-03-20T09:49:01","modified_gmt":"2026-03-20T07:49:01","slug":"eco","status":"publish","type":"product","link":"https:\/\/colligatum.com\/en\/product\/eco\/","title":{"rendered":"ECO"},"content":{"rendered":"<p data-start=\"99\" data-end=\"706\"><strong data-start=\"330\" data-end=\"344\">Description:<\/strong><br data-start=\"344\" data-end=\"347\" \/>Raudonos spalvos kietas pakelis su auksiniu kont\u016bru, baltais u\u017era\u0161ais. Vir\u0161uje u\u017era\u0161as \u201eFilter W\u0119glowy\u201d (angl. anglies filtras), nurodantis, kad naudojamas anglies filtro tipas. \u012esp\u0117jimai lenk\u0173 kalba rodo, kad pakelis buvo skirtas vietinei Lenkijos rinkai. Akcizo \u017eenklas rodo laikotarp\u012f apie 2000\u20132003 metus, o dizainas tipi\u0161kas ekonomin\u0117s klas\u0117s cigaret\u0117ms.<\/p>\n<p data-start=\"708\" data-end=\"924\"><strong data-start=\"708\" data-end=\"727\">Price analysis:<\/strong><br data-start=\"727\" data-end=\"730\" \/>\u0160io tipo pakeliai pasitaiko itin retai, o d\u0117l riboto \u017einomumo ir vertinimo tarp kolekcinink\u0173 j\u0173 kaina n\u0117ra auk\u0161ta. \u012evertinus b\u016bkl\u0119 (puiki, su celofanu), gamybos laikotarp\u012f ir specifin\u012f filtr\u0105:<\/p>","protected":false},"excerpt":{"rendered":"<p><strong data-start=\"99\" data-end=\"133\">Brand and name:<\/strong> ECO<br data-start=\"137\" data-end=\"140\" \/><strong data-start=\"140\" data-end=\"150\">Size:<\/strong> King Size (20 cigarettes)<br data-start=\"175\" data-end=\"178\" \/><strong data-start=\"178\" data-end=\"196\">Country of manufacture:<\/strong> Poland<br data-start=\"204\" data-end=\"207\" \/><strong data-start=\"207\" data-end=\"231\" data-is-only-node=\"\">Production period:<\/strong> Apie 2000\u20132003 m. (pagal akcin\u012f \u017eenkl\u0105 \u201e32\/00\u201c ir \u012fpakavimo stili\u0173)<br data-start=\"299\" data-end=\"302\" \/><strong data-start=\"302\" data-end=\"320\">Package type:<\/strong> Soft<\/p>","protected":false},"featured_media":9737,"template":"","meta":{"_surecart_dashboard_logo_width":"180px","_surecart_dashboard_show_logo":true,"_surecart_dashboard_navigation_orders":true,"_surecart_dashboard_navigation_invoices":true,"_surecart_dashboard_navigation_subscriptions":true,"_surecart_dashboard_navigation_downloads":true,"_surecart_dashboard_navigation_billing":true,"_surecart_dashboard_navigation_account":true,"site-sidebar-layout":"default","site-content-layout":"","ast-site-content-layout":"default","site-content-style":"default","site-sidebar-style":"default","ast-global-header-display":"","ast-banner-title-visibility":"","ast-main-header-display":"","ast-hfb-above-header-display":"","ast-hfb-below-header-display":"","ast-hfb-mobile-header-display":"","site-post-title":"","ast-breadcrumbs-content":"","ast-featured-img":"","footer-sml-layout":"","theme-transparent-header-meta":"default","adv-header-id-meta":"","stick-header-meta":"","header-above-stick-meta":"","header-main-stick-meta":"","header-below-stick-meta":"","astra-migrate-meta-layouts":"set","ast-page-background-enabled":"default","ast-page-background-meta":{"desktop":{"background-color":"","background-image":"","background-repeat":"repeat","background-position":"center center","background-size":"auto","background-attachment":"scroll","background-type":"","background-media":"","overlay-type":"","overlay-color":"","overlay-opacity":"","overlay-gradient":""},"tablet":{"background-color":"","background-image":"","background-repeat":"repeat","background-position":"center center","background-size":"auto","background-attachment":"scroll","background-type":"","background-media":"","overlay-type":"","overlay-color":"","overlay-opacity":"","overlay-gradient":""},"mobile":{"background-color":"","background-image":"","background-repeat":"repeat","background-position":"center center","background-size":"auto","background-attachment":"scroll","background-type":"","background-media":"","overlay-type":"","overlay-color":"","overlay-opacity":"","overlay-gradient":""}},"ast-content-background-meta":{"desktop":{"background-color":"var(--ast-global-color-5)","background-image":"","background-repeat":"repeat","background-position":"center center","background-size":"auto","background-attachment":"scroll","background-type":"","background-media":"","overlay-type":"","overlay-color":"","overlay-opacity":"","overlay-gradient":""},"tablet":{"background-color":"var(--ast-global-color-5)","background-image":"","background-repeat":"repeat","background-position":"center center","background-size":"auto","background-attachment":"scroll","background-type":"","background-media":"","overlay-type":"","overlay-color":"","overlay-opacity":"","overlay-gradient":""},"mobile":{"background-color":"var(--ast-global-color-5)","background-image":"","background-repeat":"repeat","background-position":"center center","background-size":"auto","background-attachment":"scroll","background-type":"","background-media":"","overlay-type":"","overlay-color":"","overlay-opacity":"","overlay-gradient":""}}},"product_brand":[],"product_cat":[182],"product_tag":[],"class_list":{"0":"post-9796","1":"product","2":"type-product","3":"status-publish","4":"has-post-thumbnail","6":"product_cat-poland","7":"desktop-align-left","8":"tablet-align-left","9":"mobile-align-left","11":"first","12":"outofstock","13":"shipping-taxable","14":"purchasable","15":"product-type-simple"},"_links":{"self":[{"href":"https:\/\/colligatum.com\/en\/wp-json\/wp\/v2\/product\/9796","targetHints":{"allow":["GET"]}}],"collection":[{"href":"https:\/\/colligatum.com\/en\/wp-json\/wp\/v2\/product"}],"about":[{"href":"https:\/\/colligatum.com\/en\/wp-json\/wp\/v2\/types\/product"}],"version-history":[{"count":1,"href":"https:\/\/colligatum.com\/en\/wp-json\/wp\/v2\/product\/9796\/revisions"}],"predecessor-version":[{"id":9797,"href":"https:\/\/colligatum.com\/en\/wp-json\/wp\/v2\/product\/9796\/revisions\/9797"}],"wp:featuredmedia":[{"embeddable":true,"href":"https:\/\/colligatum.com\/en\/wp-json\/wp\/v2\/media\/9737"}],"wp:attachment":[{"href":"https:\/\/colligatum.com\/en\/wp-json\/wp\/v2\/media?parent=9796"}],"wp:term":[{"taxonomy":"product_brand","embeddable":true,"href":"https:\/\/colligatum.com\/en\/wp-json\/wp\/v2\/product_brand?post=9796"},{"taxonomy":"product_cat","embeddable":true,"href":"https:\/\/colligatum.com\/en\/wp-json\/wp\/v2\/product_cat?post=9796"},{"taxonomy":"product_tag","embeddable":true,"href":"https:\/\/colligatum.com\/en\/wp-json\/wp\/v2\/product_tag?post=9796"}],"curies":[{"name":"wp","href":"https:\/\/api.w.org\/{rel}","templated":true}]}}