{"id":9880,"date":"2025-05-31T10:30:21","date_gmt":"2025-05-31T08:30:21","guid":{"rendered":"https:\/\/colligatum.com\/?post_type=product&#038;p=9880"},"modified":"2026-03-20T09:49:00","modified_gmt":"2026-03-20T07:49:00","slug":"swift-red","status":"publish","type":"product","link":"https:\/\/colligatum.com\/en\/product\/swift-red\/","title":{"rendered":"Swift &quot;Red&quot;\u201e"},"content":{"rendered":"<p data-start=\"64\" data-end=\"110\"><strong data-start=\"64\" data-end=\"98\">Brand and name:<\/strong> Swift &quot;Red&quot;\u201e<\/p>\n<p data-start=\"112\" data-end=\"135\"><strong data-start=\"112\" data-end=\"122\">Size:<\/strong> 20 cigarettes<\/p>\n<p data-start=\"137\" data-end=\"275\"><strong data-start=\"137\" data-end=\"155\">Country of manufacture:<\/strong> Europos S\u0105junga (etiket\u0117je nurodyta \u201eMade in EU\u201c), grei\u010diausiai Lenkija \u2013 remiantis lenki\u0161ku \u012fsp\u0117jimu ir akcizo \u017eenklu.<\/p>\n<p data-start=\"277\" data-end=\"358\"><strong data-start=\"277\" data-end=\"301\">Production period:<\/strong> 2010 m. (pagal akcizo banderol\u0119 \u201ePAPIEROSY KRAJ \u2013 2010\u201c)<\/p>\n<p data-start=\"360\" data-end=\"393\"><strong data-start=\"360\" data-end=\"378\">Package type:<\/strong> Hard pack<\/p>","protected":false},"excerpt":{"rendered":"<p data-start=\"400\" data-end=\"835\"><strong data-start=\"400\" data-end=\"414\">Description:<\/strong><br data-start=\"414\" data-end=\"417\" \/>\u0160is \u201eSwift\u201c cigare\u010di\u0173 pakelis i\u0161siskiria ry\u0161kiu raudonu dizainu su sidabriniu logotipu ir banguotomis linijomis \u2013 pakuot\u0117 \u0161iuolaiki\u0161ka, ta\u010diau tipin\u0117 2000-\u0173j\u0173 pabaigos masin\u0117s gamybos stiliui. Ant \u0161on\u0173 ai\u0161kiai matomas prekinis \u017eenklas bei sveikatos \u012fsp\u0117jimai lenk\u0173 kalba. \u201eSwift\u201c yra ma\u017eiau \u017einomas prekinis \u017eenklas, kurio produktai da\u017enai siejami su \u017eemesne kaina, tod\u0117l ir rinkos paplitimas buvo labiau lokalizuotas.<\/p>\n<hr data-start=\"837\" data-end=\"840\" \/>\n<h3 data-start=\"842\" data-end=\"869\"><strong data-start=\"846\" data-end=\"869\">Value assessment:<\/strong><\/h3>\n<ul data-start=\"871\" data-end=\"1434\">\n<li data-start=\"871\" data-end=\"1062\">\n<p data-start=\"873\" data-end=\"1062\"><strong data-start=\"873\" data-end=\"893\">Collectible value:<\/strong> \u017dema iki vidutin\u0117s \u2013 kadangi tai n\u0117ra riboto leidimo ar unikalus leidimas, ta\u010diau pakuot\u0117 yra idealiai i\u0161saugota ir neatidaryta. Prek\u0117s \u017eenklas reta, bet ma\u017eai \u017einomas.<\/p>\n<\/li>\n<li data-start=\"1064\" data-end=\"1173\">\n<p data-start=\"1066\" data-end=\"1173\"><strong data-start=\"1066\" data-end=\"1088\">Condition assessment:<\/strong> Neatidarytas, puikios b\u016bkl\u0117s. Pakuot\u0117 be defekt\u0173, nepa\u017eeista folija, ai\u0161k\u016bs u\u017era\u0161ai.<\/p>\n<\/li>\n<li data-start=\"1175\" data-end=\"1434\">\n<p data-start=\"1177\" data-end=\"1434\"><strong data-start=\"1177\" data-end=\"1217\">Historical data and popularity:<\/strong><br data-start=\"1217\" data-end=\"1220\" \/>\u201eSwift\u201c \u2013 nedidelio paplitimo \u017eenklas, da\u017eniausiai pasirodydav\u0119s Ryt\u0173 Europos rinkose. Kolekcinink\u0173 tarpe pasitaiko retai, ta\u010diau ie\u0161komas tiems, kurie siekia tur\u0117ti ma\u017eiau \u017einom\u0173 prek\u0117s \u017eenkl\u0173 pakeli\u0173 kolekcijose.<\/p>\n<\/li>\n<\/ul>","protected":false},"featured_media":9834,"template":"","meta":{"_surecart_dashboard_logo_width":"180px","_surecart_dashboard_show_logo":true,"_surecart_dashboard_navigation_orders":true,"_surecart_dashboard_navigation_invoices":true,"_surecart_dashboard_navigation_subscriptions":true,"_surecart_dashboard_navigation_downloads":true,"_surecart_dashboard_navigation_billing":true,"_surecart_dashboard_navigation_account":true,"site-sidebar-layout":"default","site-content-layout":"","ast-site-content-layout":"default","site-content-style":"default","site-sidebar-style":"default","ast-global-header-display":"","ast-banner-title-visibility":"","ast-main-header-display":"","ast-hfb-above-header-display":"","ast-hfb-below-header-display":"","ast-hfb-mobile-header-display":"","site-post-title":"","ast-breadcrumbs-content":"","ast-featured-img":"","footer-sml-layout":"","theme-transparent-header-meta":"default","adv-header-id-meta":"","stick-header-meta":"","header-above-stick-meta":"","header-main-stick-meta":"","header-below-stick-meta":"","astra-migrate-meta-layouts":"set","ast-page-background-enabled":"default","ast-page-background-meta":{"desktop":{"background-color":"","background-image":"","background-repeat":"repeat","background-position":"center center","background-size":"auto","background-attachment":"scroll","background-type":"","background-media":"","overlay-type":"","overlay-color":"","overlay-opacity":"","overlay-gradient":""},"tablet":{"background-color":"","background-image":"","background-repeat":"repeat","background-position":"center center","background-size":"auto","background-attachment":"scroll","background-type":"","background-media":"","overlay-type":"","overlay-color":"","overlay-opacity":"","overlay-gradient":""},"mobile":{"background-color":"","background-image":"","background-repeat":"repeat","background-position":"center center","background-size":"auto","background-attachment":"scroll","background-type":"","background-media":"","overlay-type":"","overlay-color":"","overlay-opacity":"","overlay-gradient":""}},"ast-content-background-meta":{"desktop":{"background-color":"var(--ast-global-color-5)","background-image":"","background-repeat":"repeat","background-position":"center center","background-size":"auto","background-attachment":"scroll","background-type":"","background-media":"","overlay-type":"","overlay-color":"","overlay-opacity":"","overlay-gradient":""},"tablet":{"background-color":"var(--ast-global-color-5)","background-image":"","background-repeat":"repeat","background-position":"center center","background-size":"auto","background-attachment":"scroll","background-type":"","background-media":"","overlay-type":"","overlay-color":"","overlay-opacity":"","overlay-gradient":""},"mobile":{"background-color":"var(--ast-global-color-5)","background-image":"","background-repeat":"repeat","background-position":"center center","background-size":"auto","background-attachment":"scroll","background-type":"","background-media":"","overlay-type":"","overlay-color":"","overlay-opacity":"","overlay-gradient":""}}},"product_brand":[],"product_cat":[182],"product_tag":[],"class_list":{"0":"post-9880","1":"product","2":"type-product","3":"status-publish","4":"has-post-thumbnail","6":"product_cat-poland","7":"desktop-align-left","8":"tablet-align-left","9":"mobile-align-left","11":"first","12":"outofstock","13":"sale","14":"shipping-taxable","15":"purchasable","16":"product-type-simple","17":"add-to-wishlist-before_image"},"_links":{"self":[{"href":"https:\/\/colligatum.com\/en\/wp-json\/wp\/v2\/product\/9880","targetHints":{"allow":["GET"]}}],"collection":[{"href":"https:\/\/colligatum.com\/en\/wp-json\/wp\/v2\/product"}],"about":[{"href":"https:\/\/colligatum.com\/en\/wp-json\/wp\/v2\/types\/product"}],"version-history":[{"count":1,"href":"https:\/\/colligatum.com\/en\/wp-json\/wp\/v2\/product\/9880\/revisions"}],"predecessor-version":[{"id":9881,"href":"https:\/\/colligatum.com\/en\/wp-json\/wp\/v2\/product\/9880\/revisions\/9881"}],"wp:featuredmedia":[{"embeddable":true,"href":"https:\/\/colligatum.com\/en\/wp-json\/wp\/v2\/media\/9834"}],"wp:attachment":[{"href":"https:\/\/colligatum.com\/en\/wp-json\/wp\/v2\/media?parent=9880"}],"wp:term":[{"taxonomy":"product_brand","embeddable":true,"href":"https:\/\/colligatum.com\/en\/wp-json\/wp\/v2\/product_brand?post=9880"},{"taxonomy":"product_cat","embeddable":true,"href":"https:\/\/colligatum.com\/en\/wp-json\/wp\/v2\/product_cat?post=9880"},{"taxonomy":"product_tag","embeddable":true,"href":"https:\/\/colligatum.com\/en\/wp-json\/wp\/v2\/product_tag?post=9880"}],"curies":[{"name":"wp","href":"https:\/\/api.w.org\/{rel}","templated":true}]}}