{"id":9888,"date":"2025-05-31T10:39:02","date_gmt":"2025-05-31T08:39:02","guid":{"rendered":"https:\/\/colligatum.com\/?post_type=product&#038;p=9888"},"modified":"2026-03-20T09:49:00","modified_gmt":"2026-03-20T07:49:00","slug":"goldpress-fine-flavour-2","status":"publish","type":"product","link":"https:\/\/colligatum.com\/en\/product\/goldpress-fine-flavour-2\/","title":{"rendered":"Goldpress Fine Flavor"},"content":{"rendered":"<p data-start=\"31\" data-end=\"789\"><strong data-start=\"322\" data-end=\"336\">Description:<\/strong><br data-start=\"336\" data-end=\"339\" \/>Goldpress cigare\u010di\u0173 pakuot\u0117s pasi\u017eymi metalizuotu dizainu su vertikaliomis linijomis. Vienas pakelis (Fine Flavour) turi \u0161viesiai m\u0117lyn\u0105 apatin\u0119 dal\u012f, kitas (Full Flavour) \u2013 raudon\u0105. Ant pakuo\u010di\u0173 nurodyta, kad tai \u201eFine Flavour\u201c ir \u201eFull Flavour\u201c versijos, o tai rodo stiprumo skirtumus. Ant \u0161on\u0173 pateikta informacija lenk\u0173 kalba, kas leid\u017eia daryti prielaid\u0105, jog tai buvo skirta Lenkijos rinkai. Abu pakeliai pa\u017eym\u0117ti \u012fsp\u0117jimais apie r\u016bkymo \u017eal\u0105.<\/p>\n<p data-start=\"791\" data-end=\"1085\"><br data-start=\"816\" data-end=\"819\" \/>\u0160ie Goldpress pakeliai n\u0117ra pla\u010diai \u017einomi ar masi\u0161kai kolekcionuojami, ta\u010diau jie domina ni\u0161in\u0119 sovietme\u010dio ir posovietini\u0173 rink\u0173 cigare\u010di\u0173 kolekcinink\u0173 grup\u0119.<\/p>","protected":false},"excerpt":{"rendered":"<p><strong data-start=\"31\" data-end=\"65\">Brand and name:<\/strong> Goldpress Fine Flavour \/ Goldpress Full Flavour<br data-start=\"113\" data-end=\"116\" \/><strong data-start=\"116\" data-end=\"126\">Size:<\/strong> 20 cigarettes<br data-start=\"139\" data-end=\"142\" \/><strong data-start=\"142\" data-end=\"159\" data-is-only-node=\"\">Country of origin:<\/strong> Europos S\u0105junga (etiket\u0117je nurodyta &#8222;Made in EU&#8221;)<br data-start=\"209\" data-end=\"212\" \/><strong data-start=\"212\" data-end=\"236\">Production period:<\/strong> 2007\u20132008 m. (pagal banderoles KP\/BP 005473 ir 024717)<br data-start=\"291\" data-end=\"294\" \/><strong data-start=\"294\" data-end=\"312\">Package type:<\/strong> Hard<\/p>","protected":false},"featured_media":9842,"template":"","meta":{"_surecart_dashboard_logo_width":"180px","_surecart_dashboard_show_logo":true,"_surecart_dashboard_navigation_orders":true,"_surecart_dashboard_navigation_invoices":true,"_surecart_dashboard_navigation_subscriptions":true,"_surecart_dashboard_navigation_downloads":true,"_surecart_dashboard_navigation_billing":true,"_surecart_dashboard_navigation_account":true,"site-sidebar-layout":"default","site-content-layout":"","ast-site-content-layout":"default","site-content-style":"default","site-sidebar-style":"default","ast-global-header-display":"","ast-banner-title-visibility":"","ast-main-header-display":"","ast-hfb-above-header-display":"","ast-hfb-below-header-display":"","ast-hfb-mobile-header-display":"","site-post-title":"","ast-breadcrumbs-content":"","ast-featured-img":"","footer-sml-layout":"","theme-transparent-header-meta":"default","adv-header-id-meta":"","stick-header-meta":"","header-above-stick-meta":"","header-main-stick-meta":"","header-below-stick-meta":"","astra-migrate-meta-layouts":"set","ast-page-background-enabled":"default","ast-page-background-meta":{"desktop":{"background-color":"","background-image":"","background-repeat":"repeat","background-position":"center center","background-size":"auto","background-attachment":"scroll","background-type":"","background-media":"","overlay-type":"","overlay-color":"","overlay-opacity":"","overlay-gradient":""},"tablet":{"background-color":"","background-image":"","background-repeat":"repeat","background-position":"center center","background-size":"auto","background-attachment":"scroll","background-type":"","background-media":"","overlay-type":"","overlay-color":"","overlay-opacity":"","overlay-gradient":""},"mobile":{"background-color":"","background-image":"","background-repeat":"repeat","background-position":"center center","background-size":"auto","background-attachment":"scroll","background-type":"","background-media":"","overlay-type":"","overlay-color":"","overlay-opacity":"","overlay-gradient":""}},"ast-content-background-meta":{"desktop":{"background-color":"var(--ast-global-color-5)","background-image":"","background-repeat":"repeat","background-position":"center center","background-size":"auto","background-attachment":"scroll","background-type":"","background-media":"","overlay-type":"","overlay-color":"","overlay-opacity":"","overlay-gradient":""},"tablet":{"background-color":"var(--ast-global-color-5)","background-image":"","background-repeat":"repeat","background-position":"center center","background-size":"auto","background-attachment":"scroll","background-type":"","background-media":"","overlay-type":"","overlay-color":"","overlay-opacity":"","overlay-gradient":""},"mobile":{"background-color":"var(--ast-global-color-5)","background-image":"","background-repeat":"repeat","background-position":"center center","background-size":"auto","background-attachment":"scroll","background-type":"","background-media":"","overlay-type":"","overlay-color":"","overlay-opacity":"","overlay-gradient":""}}},"product_brand":[],"product_cat":[182],"product_tag":[],"class_list":{"0":"post-9888","1":"product","2":"type-product","3":"status-publish","4":"has-post-thumbnail","6":"product_cat-poland","7":"desktop-align-left","8":"tablet-align-left","9":"mobile-align-left","11":"first","12":"outofstock","13":"sale","14":"shipping-taxable","15":"purchasable","16":"product-type-simple","17":"add-to-wishlist-before_image"},"_links":{"self":[{"href":"https:\/\/colligatum.com\/en\/wp-json\/wp\/v2\/product\/9888","targetHints":{"allow":["GET"]}}],"collection":[{"href":"https:\/\/colligatum.com\/en\/wp-json\/wp\/v2\/product"}],"about":[{"href":"https:\/\/colligatum.com\/en\/wp-json\/wp\/v2\/types\/product"}],"version-history":[{"count":1,"href":"https:\/\/colligatum.com\/en\/wp-json\/wp\/v2\/product\/9888\/revisions"}],"predecessor-version":[{"id":9889,"href":"https:\/\/colligatum.com\/en\/wp-json\/wp\/v2\/product\/9888\/revisions\/9889"}],"wp:featuredmedia":[{"embeddable":true,"href":"https:\/\/colligatum.com\/en\/wp-json\/wp\/v2\/media\/9842"}],"wp:attachment":[{"href":"https:\/\/colligatum.com\/en\/wp-json\/wp\/v2\/media?parent=9888"}],"wp:term":[{"taxonomy":"product_brand","embeddable":true,"href":"https:\/\/colligatum.com\/en\/wp-json\/wp\/v2\/product_brand?post=9888"},{"taxonomy":"product_cat","embeddable":true,"href":"https:\/\/colligatum.com\/en\/wp-json\/wp\/v2\/product_cat?post=9888"},{"taxonomy":"product_tag","embeddable":true,"href":"https:\/\/colligatum.com\/en\/wp-json\/wp\/v2\/product_tag?post=9888"}],"curies":[{"name":"wp","href":"https:\/\/api.w.org\/{rel}","templated":true}]}}