{"id":9893,"date":"2025-05-31T11:06:18","date_gmt":"2025-05-31T09:06:18","guid":{"rendered":"https:\/\/colligatum.com\/?post_type=product&#038;p=9893"},"modified":"2026-03-20T09:49:00","modified_gmt":"2026-03-20T07:49:00","slug":"mars-menthol-lights","status":"publish","type":"product","link":"https:\/\/colligatum.com\/en\/product\/mars-menthol-lights\/","title":{"rendered":"Mars Menthol Lights"},"content":{"rendered":"<h3 data-start=\"286\" data-end=\"301\">Description<\/h3>\n<p data-start=\"302\" data-end=\"646\">\u0160is \u201eMars Menthol Lights\u201c cigare\u010di\u0173 pakelis yra ry\u0161kiai \u017ealios spalvos, i\u0161siskiria minimalistiniu dizainu su aukso spalvos logotipu ir u\u017era\u0161ais. \u017denklinimas rodo, kad tai lengvo mentolio skonio cigaret\u0117s. Pakuot\u0117je matomi \u012fsp\u0117jimai apie r\u016bkymo \u017eal\u0105 yra pateikti lenk\u0173 kalba ir yra senesnio dizaino, kas leid\u017eia daryti i\u0161vad\u0105 apie pakelio am\u017ei\u0173.<\/p>\n<p data-start=\"648\" data-end=\"886\">Tai vienas i\u0161 retesni\u0173 \u201eMars\u201c prek\u0117s \u017eenklo variant\u0173, nes \u0161is prek\u0117s \u017eenklas n\u0117ra pla\u010diai paplit\u0119s ar aktyviai gaminamas \u0161iuolaikiniuose rinkos segmentuose. Pakuot\u0117 buvo skirta Lenkijos rinkai, kas patvirtinama nacionaline akcizo etikete.<\/p>","protected":false},"excerpt":{"rendered":"<ul>\n<li data-start=\"31\" data-end=\"89\">\n<p data-start=\"33\" data-end=\"89\"><strong data-start=\"33\" data-end=\"67\">Brand and name:<\/strong> Mars Menthol Lights<\/p>\n<\/li>\n<li data-start=\"90\" data-end=\"117\">\n<p data-start=\"92\" data-end=\"117\"><strong data-start=\"92\" data-end=\"102\">Size:<\/strong> 20 cigarettes<\/p>\n<\/li>\n<li data-start=\"118\" data-end=\"200\">\n<p data-start=\"120\" data-end=\"200\"><strong data-start=\"120\" data-end=\"138\">Country of manufacture:<\/strong> Lenkija (nurodyta akcizo banderole \u201ePapierosy Kraj \u2013 2004\u201d)<\/p>\n<\/li>\n<li data-start=\"201\" data-end=\"242\">\n<p data-start=\"203\" data-end=\"242\"><strong data-start=\"203\" data-end=\"227\">Production period:<\/strong> Around 2004.<\/p>\n<\/li>\n<li data-start=\"243\" data-end=\"284\">\n<p data-start=\"245\" data-end=\"284\"><strong data-start=\"245\" data-end=\"263\">Package type:<\/strong> Hard pack<\/p>\n<\/li>\n<\/ul>","protected":false},"featured_media":9894,"template":"","meta":{"_surecart_dashboard_logo_width":"180px","_surecart_dashboard_show_logo":true,"_surecart_dashboard_navigation_orders":true,"_surecart_dashboard_navigation_invoices":true,"_surecart_dashboard_navigation_subscriptions":true,"_surecart_dashboard_navigation_downloads":true,"_surecart_dashboard_navigation_billing":true,"_surecart_dashboard_navigation_account":true,"site-sidebar-layout":"default","site-content-layout":"","ast-site-content-layout":"default","site-content-style":"default","site-sidebar-style":"default","ast-global-header-display":"","ast-banner-title-visibility":"","ast-main-header-display":"","ast-hfb-above-header-display":"","ast-hfb-below-header-display":"","ast-hfb-mobile-header-display":"","site-post-title":"","ast-breadcrumbs-content":"","ast-featured-img":"","footer-sml-layout":"","ast-disable-related-posts":"","theme-transparent-header-meta":"default","adv-header-id-meta":"","stick-header-meta":"","header-above-stick-meta":"","header-main-stick-meta":"","header-below-stick-meta":"","astra-migrate-meta-layouts":"set","ast-page-background-enabled":"default","ast-page-background-meta":{"desktop":{"background-color":"","background-image":"","background-repeat":"repeat","background-position":"center center","background-size":"auto","background-attachment":"scroll","background-type":"","background-media":"","overlay-type":"","overlay-color":"","overlay-opacity":"","overlay-gradient":""},"tablet":{"background-color":"","background-image":"","background-repeat":"repeat","background-position":"center center","background-size":"auto","background-attachment":"scroll","background-type":"","background-media":"","overlay-type":"","overlay-color":"","overlay-opacity":"","overlay-gradient":""},"mobile":{"background-color":"","background-image":"","background-repeat":"repeat","background-position":"center center","background-size":"auto","background-attachment":"scroll","background-type":"","background-media":"","overlay-type":"","overlay-color":"","overlay-opacity":"","overlay-gradient":""}},"ast-content-background-meta":{"desktop":{"background-color":"var(--ast-global-color-5)","background-image":"","background-repeat":"repeat","background-position":"center center","background-size":"auto","background-attachment":"scroll","background-type":"","background-media":"","overlay-type":"","overlay-color":"","overlay-opacity":"","overlay-gradient":""},"tablet":{"background-color":"var(--ast-global-color-5)","background-image":"","background-repeat":"repeat","background-position":"center center","background-size":"auto","background-attachment":"scroll","background-type":"","background-media":"","overlay-type":"","overlay-color":"","overlay-opacity":"","overlay-gradient":""},"mobile":{"background-color":"var(--ast-global-color-5)","background-image":"","background-repeat":"repeat","background-position":"center center","background-size":"auto","background-attachment":"scroll","background-type":"","background-media":"","overlay-type":"","overlay-color":"","overlay-opacity":"","overlay-gradient":""}}},"product_brand":[],"product_cat":[182],"product_tag":[],"class_list":{"0":"post-9893","1":"product","2":"type-product","3":"status-publish","4":"has-post-thumbnail","6":"product_cat-poland","7":"desktop-align-left","8":"tablet-align-left","9":"mobile-align-left","11":"first","12":"outofstock","13":"shipping-taxable","14":"purchasable","15":"product-type-simple","16":"add-to-wishlist-before_image"},"_links":{"self":[{"href":"https:\/\/colligatum.com\/en\/wp-json\/wp\/v2\/product\/9893","targetHints":{"allow":["GET"]}}],"collection":[{"href":"https:\/\/colligatum.com\/en\/wp-json\/wp\/v2\/product"}],"about":[{"href":"https:\/\/colligatum.com\/en\/wp-json\/wp\/v2\/types\/product"}],"version-history":[{"count":1,"href":"https:\/\/colligatum.com\/en\/wp-json\/wp\/v2\/product\/9893\/revisions"}],"predecessor-version":[{"id":10063,"href":"https:\/\/colligatum.com\/en\/wp-json\/wp\/v2\/product\/9893\/revisions\/10063"}],"wp:featuredmedia":[{"embeddable":true,"href":"https:\/\/colligatum.com\/en\/wp-json\/wp\/v2\/media\/9894"}],"wp:attachment":[{"href":"https:\/\/colligatum.com\/en\/wp-json\/wp\/v2\/media?parent=9893"}],"wp:term":[{"taxonomy":"product_brand","embeddable":true,"href":"https:\/\/colligatum.com\/en\/wp-json\/wp\/v2\/product_brand?post=9893"},{"taxonomy":"product_cat","embeddable":true,"href":"https:\/\/colligatum.com\/en\/wp-json\/wp\/v2\/product_cat?post=9893"},{"taxonomy":"product_tag","embeddable":true,"href":"https:\/\/colligatum.com\/en\/wp-json\/wp\/v2\/product_tag?post=9893"}],"curies":[{"name":"wp","href":"https:\/\/api.w.org\/{rel}","templated":true}]}}